{"id":6546,"date":"2025-12-01T16:15:53","date_gmt":"2025-12-01T13:15:53","guid":{"rendered":"https:\/\/quickshipper.com\/management-policy-and-occupational-health\/"},"modified":"2026-01-14T12:12:22","modified_gmt":"2026-01-14T09:12:22","slug":"management-policy-and-occupational-health","status":"publish","type":"page","link":"https:\/\/quickshipper.com\/en\/management-policy-and-occupational-health\/","title":{"rendered":"Management Policy and Occupational Health"},"content":{"rendered":"\t\t<div data-elementor-type=\"wp-page\" data-elementor-id=\"6546\" class=\"elementor elementor-6546 elementor-5232\">\n\t\t\t\t\t\t<section class=\"elementor-section elementor-top-section elementor-element elementor-element-049b5f7 elementor-section-full_width elementor-section-height-default elementor-section-height-default\" data-id=\"049b5f7\" data-element_type=\"section\" data-e-type=\"section\">\n\t\t\t\t\t\t<div class=\"elementor-container elementor-column-gap-default\">\n\t\t\t\t\t<div class=\"elementor-column elementor-col-100 elementor-top-column elementor-element elementor-element-bf601f0\" data-id=\"bf601f0\" data-element_type=\"column\" data-e-type=\"column\">\n\t\t\t<div class=\"elementor-widget-wrap elementor-element-populated\">\n\t\t\t\t\t\t<div class=\"elementor-element elementor-element-670d842 elementor-widget elementor-widget-tx_about elh-el tx_about\" data-id=\"670d842\" data-element_type=\"widget\" data-e-type=\"widget\" data-settings=\"{&quot;design_style&quot;:&quot;style_1&quot;}\" data-widget_type=\"tx_about.default\">\n\t\t\t\t<div class=\"elementor-widget-container\">\n\t\t\t\t\t<section class=\"log-about-section-1 pt-120 pb-120 tx-section\">\r\n    <div class=\"container\">\r\n        <div class=\"log-about-content-1 d-flex\">\r\n            <div class=\"log-about-img-1 txt_item_active position-relative\">\r\n                \r\n                                <div class=\"inner-img-2 img-parallax-2\">\r\n                    <img decoding=\"async\"\r\n                        src=\"https:\/\/quickshipper.com\/wp-content\/uploads\/2025\/12\/mahmut.jpeg\"\r\n                        alt=\"mahmut\">\r\n                <\/div>\r\n                \r\n                            <\/div>\r\n            <div class=\"log-about-text-1 pt-20\">\r\n                <div class=\"log-section-title-1 headline log-text pera-content\">\r\n                                        <div class=\"subtitle text-uppercase wow fadeInRight tx-subTitle\" data-wow-delay=\"300ms\" data-wow-duration=\"1000ms\">\r\n                                                with QUICKSHIPPER                    <\/div>\r\n                    \r\n                    <h2 class=\"tx-title section_title tx-split-text split-in-right\">QS Mikro Da\u011f\u0131t\u0131m A.\u015e. Occupational Health and Safety Policy<\/h2>\r\n                                        <p class=\"tx-description\">\r\n                        As QS Mikro Da\u011f\u0131t\u0131m A.\u015e., we strive to provide a healthy and safe working environment. In order to continuously improve our safety performance, we are firmly committed to preventing injuries and health issues and to carrying out continuous improvement activities in Occupational Health and Safety (OH&amp;S) management and OH&amp;S performance.\n\nWithin this scope, QS Mikro Da\u011f\u0131t\u0131m A.\u015e. receives OH&amp;S services from AZIM OSGB.\n\nAll levels of management are responsible and accountable for providing the necessary resources to prevent injuries and illnesses.\n\nManagement will ensure that all employees are responsible and accountable for working safely.\n\nManagement will set objectives and drive change by achieving these goals.\n\nWe will comply with applicable legal requirements and other requirements related to our OH&amp;S hazards that our organization has committed to meet.\n\nWe will regularly measure our progress and communicate it across all levels of the organization.                    <\/p>\r\n                                    <\/div>\r\n                <div class=\"log-about-list-item mt-35 d-flex align-items-center\">\r\n                    \r\n                    \r\n                <\/div>\r\n                <div class=\"log-about-cta-grp mt-45 d-flex flex-wrap align-items-center wow fadeInUp\" data-wow-delay=\"500ms\" data-wow-duration=\"1000ms\">\r\n                    \r\n                                    <\/div>\r\n            <\/div>\r\n        <\/div>\r\n    <\/div>\r\n<\/section>\t\t\t\t<\/div>\n\t\t\t\t<\/div>\n\t\t\t\t\t<\/div>\n\t\t<\/div>\n\t\t\t\t\t<\/div>\n\t\t<\/section>\n\t\t\t\t<section class=\"elementor-section elementor-top-section elementor-element elementor-element-e105c15 elementor-section-full_width elementor-section-height-default elementor-section-height-default\" data-id=\"e105c15\" data-element_type=\"section\" data-e-type=\"section\">\n\t\t\t\t\t\t<div class=\"elementor-container elementor-column-gap-default\">\n\t\t\t\t\t<div class=\"elementor-column elementor-col-100 elementor-top-column elementor-element elementor-element-db833a2\" data-id=\"db833a2\" data-element_type=\"column\" data-e-type=\"column\">\n\t\t\t<div class=\"elementor-widget-wrap elementor-element-populated\">\n\t\t\t\t\t\t<div class=\"elementor-element elementor-element-86fe977 elementor-widget elementor-widget-tx_about elh-el tx_about\" data-id=\"86fe977\" data-element_type=\"widget\" data-e-type=\"widget\" data-settings=\"{&quot;design_style&quot;:&quot;style_1&quot;}\" data-widget_type=\"tx_about.default\">\n\t\t\t\t<div class=\"elementor-widget-container\">\n\t\t\t\t\t<section class=\"log-about-section-1 pt-120 pb-120 tx-section\">\r\n    <div class=\"container\">\r\n        <div class=\"log-about-content-1 d-flex\">\r\n            <div class=\"log-about-img-1 txt_item_active position-relative\">\r\n                \r\n                                <div class=\"inner-img-2 img-parallax-2\">\r\n                    <img decoding=\"async\"\r\n                        src=\"https:\/\/quickshipper.com\/wp-content\/uploads\/2025\/12\/WhatsApp-Image-2023-11-01-at-16.37.37.jpeg\"\r\n                        alt=\"WhatsApp Image 2023-11-01 at 16.37.37\">\r\n                <\/div>\r\n                \r\n                            <\/div>\r\n            <div class=\"log-about-text-1 pt-20\">\r\n                <div class=\"log-section-title-1 headline log-text pera-content\">\r\n                                        <div class=\"subtitle text-uppercase wow fadeInRight tx-subTitle\" data-wow-delay=\"300ms\" data-wow-duration=\"1000ms\">\r\n                                                with QUICKSHIPPER                    <\/div>\r\n                    \r\n                    <h2 class=\"tx-title section_title tx-split-text split-in-right\">QS Mikro Da\u011f\u0131t\u0131m A.\u015e. Manufacturing Environmental Policy<\/h2>\r\n                                        <p class=\"tx-description\">\r\n                        Protecting the environment is the responsibility of all team members.\n\nIn order to continuously improve our environmental performance and sustainable practices, we commit to the following:\n\nTo use resources responsibly and efficiently; to regularly assess the environmental impacts of our business activities; to prevent pollution; to continuously implement sustainable measures to minimize negative impacts and waste generation; and to act in compliance with the legal, other applicable, and QS Mikro Da\u011f\u0131t\u0131m A.\u015e. requirements to which the company is subject.\n\nQS Mikro Da\u011f\u0131t\u0131m A.\u015e. Manufacturing Quality Policy\n\nQuality is the foundation of our success in every aspect of our business.\n\nAs QS Mikro Da\u011f\u0131t\u0131m A.\u015e., we commit to the following principles:\n\nREQUIREMENTS\n\nWe understand our customers\u2019 expectations as well as regulatory requirements. We translate these into requirements and derive objectives and specifications accordingly.\n\nPREVENTION\n\nWe identify risks during the concept and development stages and guide quality through preventive measures aligned with our objectives.\n\nIMPLEMENTATION\n\nWe ensure the timely maturity and quality of our technologies, products, and customer services.\n\nCONSISTENT OPERATIONS\n\nWe design and maintain stable, capable, and legally compliant processes.\n\nDEFECT MANAGEMENT\n\nWe correct failures quickly and sustainably.\n\nLEARNING\n\nWe continuously improve through continuous learning.\n\nSYSTEM EXCELLENCE\n\nWe strive for system excellence at every step. The management systems of QS Mikro Da\u011f\u0131t\u0131m A.\u015e. form the foundation of this approach.                    <\/p>\r\n                                    <\/div>\r\n                <div class=\"log-about-list-item mt-35 d-flex align-items-center\">\r\n                    \r\n                    \r\n                <\/div>\r\n                <div class=\"log-about-cta-grp mt-45 d-flex flex-wrap align-items-center wow fadeInUp\" data-wow-delay=\"500ms\" data-wow-duration=\"1000ms\">\r\n                    \r\n                                    <\/div>\r\n            <\/div>\r\n        <\/div>\r\n    <\/div>\r\n<\/section>\t\t\t\t<\/div>\n\t\t\t\t<\/div>\n\t\t\t\t\t<\/div>\n\t\t<\/div>\n\t\t\t\t\t<\/div>\n\t\t<\/section>\n\t\t\t\t<section class=\"elementor-section elementor-top-section elementor-element elementor-element-e40d419 elementor-section-full_width elementor-section-height-default elementor-section-height-default\" data-id=\"e40d419\" data-element_type=\"section\" data-e-type=\"section\">\n\t\t\t\t\t\t<div class=\"elementor-container elementor-column-gap-default\">\n\t\t\t\t\t<div class=\"elementor-column elementor-col-100 elementor-top-column elementor-element elementor-element-762595e\" data-id=\"762595e\" data-element_type=\"column\" data-e-type=\"column\">\n\t\t\t<div class=\"elementor-widget-wrap elementor-element-populated\">\n\t\t\t\t\t\t<div class=\"elementor-element elementor-element-6172f5e elementor-widget elementor-widget-tx_newsletter elh-el tx_newsletter\" data-id=\"6172f5e\" data-element_type=\"widget\" data-e-type=\"widget\" data-settings=\"{&quot;design_style&quot;:&quot;style_2&quot;}\" data-widget_type=\"tx_newsletter.default\">\n\t\t\t\t<div class=\"elementor-widget-container\">\n\t\t\t\t\t<div class=\"laa-newsletter-1-area laa-redius-20 bg-default laa-scn-margin pt-40 pb-40 p-relative fix tx-section\" data-background=\"https:\/\/quickshipper.com\/wp-content\/uploads\/2024\/09\/text-slide-1-bg.webp\">\r\n\r\n        <div class=\"laa-newsletter-1-plane\">\r\n        <img decoding=\"async\" src=\"https:\/\/quickshipper.com\/wp-content\/uploads\/2025\/11\/envato-labs-image-edit-46-e1763111019588.png\"\r\n        alt=\"envato-labs-image-edit (46)\">\r\n    <\/div>\r\n    \r\n    <div class=\"container laa-container-1\">\r\n        <div class=\"laa-newsletter-1-wrap\">\r\n                        <h3 class=\"laa-newsletter-1-title laa-heading-1  laa-font-600 txaa-split-text-3 txaa-split-text-3-ani \">\r\n                Subscribe for the Latest Developments from the World of Logistics.            <\/h3>\r\n            \r\n                        <div class=\"tx-newsletterForm\">\r\n                \n<div class=\"wpcf7 no-js\" id=\"wpcf7-f6721-o1\" lang=\"en-US\" dir=\"ltr\" data-wpcf7-id=\"6721\">\n<div class=\"screen-reader-response\"><p role=\"status\" aria-live=\"polite\" aria-atomic=\"true\"><\/p> <ul><\/ul><\/div>\n<form action=\"\/en\/wp-json\/wp\/v2\/pages\/6546#wpcf7-f6721-o1\" method=\"post\" class=\"wpcf7-form init\" aria-label=\"Contact form\" novalidate=\"novalidate\" data-status=\"init\">\n<fieldset class=\"hidden-fields-container\"><input type=\"hidden\" name=\"_wpcf7\" value=\"6721\" \/><input type=\"hidden\" name=\"_wpcf7_version\" value=\"6.1.5\" \/><input type=\"hidden\" name=\"_wpcf7_locale\" value=\"en_US\" \/><input type=\"hidden\" name=\"_wpcf7_unit_tag\" value=\"wpcf7-f6721-o1\" \/><input type=\"hidden\" name=\"_wpcf7_container_post\" value=\"0\" \/><input type=\"hidden\" name=\"_wpcf7_posted_data_hash\" value=\"\" \/>\n<\/fieldset>\n<div class=\"laa-newsletter-1-form\">\n<span class=\"wpcf7-form-control-wrap\" data-name=\"email-588\"><input size=\"40\" maxlength=\"400\" class=\"wpcf7-form-control wpcf7-email wpcf7-validates-as-required wpcf7-text wpcf7-validates-as-email laa-newsletter-1-form-input\" aria-required=\"true\" aria-invalid=\"false\" placeholder=\"Enter Your E-mail Address...\" value=\"\" type=\"email\" name=\"email-588\" \/><\/span>\n\t\t\t\t\t<button type=\"submit\" aria-label=\"name\" class=\"laa-newsletter-1-form-btn\">\n\t\t\t\t\t\t<i>\n\t\t\t\t\t\t\t<svg xmlns=\"http:\/\/www.w3.org\/2000\/svg\" width=\"24\" height=\"24\" viewbox=\"0 0 24 24\" fill=\"none\">\n\t\t\t\t\t\t\t\t<path d=\"M22 2L11 13\" stroke=\"#F62459\" stroke-width=\"2\" stroke-linecap=\"round\" stroke-linejoin=\"round\"><\/path>\n\t\t\t\t\t\t\t\t<path d=\"M22 2L15 22L11 13L2 9L22 2Z\" stroke=\"#F62459\" stroke-width=\"2\" stroke-linecap=\"round\" stroke-linejoin=\"round\"><\/path>\n\t\t\t\t\t\t\t<\/svg>\n\t\t\t\t\t\t<\/i>\n\t\t\t\t\t<\/button><\/div><div class=\"wpcf7-response-output\" aria-hidden=\"true\"><\/div>\n<\/form>\n<\/div>\n            <\/div>\r\n                    <\/div>\r\n    <\/div>\r\n<\/div>\t\t\t\t<\/div>\n\t\t\t\t<\/div>\n\t\t\t\t\t<\/div>\n\t\t<\/div>\n\t\t\t\t\t<\/div>\n\t\t<\/section>\n\t\t\t\t<\/div>\n\t\t","protected":false},"excerpt":{"rendered":"<p>with QUICKSHIPPER QS Mikro Da\u011f\u0131t\u0131m A.\u015e. Occupational Health and Safety Policy As QS Mikro Da\u011f\u0131t\u0131m A.\u015e., we strive to provide a healthy and safe working environment. In order to continuously improve our safety performance, we are firmly committed to preventing injuries and health issues and to carrying out continuous improvement activities in Occupational Health and [&hellip;]<\/p>\n","protected":false},"author":3,"featured_media":0,"parent":0,"menu_order":0,"comment_status":"closed","ping_status":"closed","template":"elementor_header_footer","meta":{"inline_featured_image":false,"footnotes":""},"class_list":["post-6546","page","type-page","status-publish","hentry"],"_links":{"self":[{"href":"https:\/\/quickshipper.com\/en\/wp-json\/wp\/v2\/pages\/6546","targetHints":{"allow":["GET"]}}],"collection":[{"href":"https:\/\/quickshipper.com\/en\/wp-json\/wp\/v2\/pages"}],"about":[{"href":"https:\/\/quickshipper.com\/en\/wp-json\/wp\/v2\/types\/page"}],"author":[{"embeddable":true,"href":"https:\/\/quickshipper.com\/en\/wp-json\/wp\/v2\/users\/3"}],"replies":[{"embeddable":true,"href":"https:\/\/quickshipper.com\/en\/wp-json\/wp\/v2\/comments?post=6546"}],"version-history":[{"count":4,"href":"https:\/\/quickshipper.com\/en\/wp-json\/wp\/v2\/pages\/6546\/revisions"}],"predecessor-version":[{"id":6553,"href":"https:\/\/quickshipper.com\/en\/wp-json\/wp\/v2\/pages\/6546\/revisions\/6553"}],"wp:attachment":[{"href":"https:\/\/quickshipper.com\/en\/wp-json\/wp\/v2\/media?parent=6546"}],"curies":[{"name":"wp","href":"https:\/\/api.w.org\/{rel}","templated":true}]}}