{"id":6538,"date":"2025-12-01T15:35:24","date_gmt":"2025-12-01T12:35:24","guid":{"rendered":"https:\/\/quickshipper.com\/insan-haklari-politikasi\/"},"modified":"2026-01-14T12:07:34","modified_gmt":"2026-01-14T09:07:34","slug":"insan-haklari-politikasi","status":"publish","type":"page","link":"https:\/\/quickshipper.com\/en\/insan-haklari-politikasi\/","title":{"rendered":"Human Rights Policy"},"content":{"rendered":"\t\t<div data-elementor-type=\"wp-page\" data-elementor-id=\"6538\" class=\"elementor elementor-6538 elementor-5208\">\n\t\t\t\t<div class=\"elementor-element elementor-element-183ee44 e-flex e-con-boxed e-con e-parent\" data-id=\"183ee44\" data-element_type=\"container\" data-e-type=\"container\">\n\t\t\t\t\t<div class=\"e-con-inner\">\n\t\t\t\t<div class=\"elementor-element elementor-element-a6f2d7e elementor-widget elementor-widget-text-editor\" data-id=\"a6f2d7e\" data-element_type=\"widget\" data-e-type=\"widget\" data-widget_type=\"text-editor.default\">\n\t\t\t\t\t\t\t\t\t<article id=\"block-313\" class=\"g-block g-block-html g-block-313 aos-init aos-animate\" data-aos=\"fade-up\"><div class=\"g-block-inner g-padbox rounded-sm box-rise\"><div class=\"g-block-content\"><div class=\"g-block-html-outer\"><div class=\"g-block-html-inner\"><div class=\"g-html-content\"><div class=\"g-heading\"><div class=\"g-title\"><h2 class=\"\"> <\/h2><\/div><p class=\"g-subtitle\"><strong>PURPOSE<\/strong><\/p><\/div><\/div><\/div><\/div><\/div><\/div><\/article><article id=\"block-314\" class=\"g-block g-block-html g-block-314\"><div class=\"g-block-inner g-padbox\"><div class=\"g-block-content\"><div class=\"g-block-html-outer\"><div class=\"g-block-html-inner\"><div class=\"g-html-content\"><div class=\"g-body\"><p>The purpose of the human rights policy is to reflect the principles adopted by QS Mikro Da\u011f\u0131t\u0131m A.\u015e. regarding human rights and to serve as a guiding framework for its employees and business partners.<br><\/p><p>This policy has been prepared based on the Universal Declaration of Human Rights, the United Nations (UN) Global Compact, the UN Convention on the Rights of the Child, the Fundamental ILO Conventions, the OECD Guidelines for Multinational Enterprises, the UN Guiding Principles on Business and Human Rights, and national laws. It is aligned with \u201cWe and Our Principles at QS Mikro Da\u011f\u0131t\u0131m A.\u015e.\u201d and includes the ethical principles and standards of conduct in working life that apply to employees within QS Mikro Da\u011f\u0131t\u0131m A.\u015e. and its affiliated branches, as well as to all business partners.<\/p><p><strong>2. SCOPE<\/strong><\/p><\/div><\/div><\/div><\/div><\/div><\/div><\/article><article id=\"block-316\" class=\"g-block g-block-html g-block-316 aos-init aos-animate\" data-aos=\"fade-up\"><div class=\"g-block-inner g-padbox\"><div class=\"g-block-content\"><div class=\"g-block-html-outer\"><div class=\"g-block-html-inner\"><div class=\"g-html-content\"><div class=\"g-body\"><p>This policy applies to all branches of QS Mikro Da\u011f\u0131t\u0131m A.\u015e., as well as all institutions and organizations with which the company has business relationships, including suppliers and dealers (\u201cbusiness partners\u201d). QS Mikro Da\u011f\u0131t\u0131m A.\u015e. encourages its business partners to implement the principles stated in this policy and to adopt similar policies.<\/p><p><strong>3. RESPONSIBILITIES<br><\/strong><\/p><p>The senior management of QS Mikro Da\u011f\u0131t\u0131m A.\u015e., the Chief Human Resources Officer (CHRO), and the Global Division Directors (C-Level) are responsible for the implementation of this policy.<br><\/p><p>The Board of Directors of QS Mikro Da\u011f\u0131t\u0131m A.\u015e. is responsible for the overall supervision of the establishment and operation of notification, investigation, and sanction mechanisms in cases of non-compliance with the rules and regulations set out in the human rights policy.<\/p><p><strong>4. POLICY<br><\/strong><\/p><p>QS Mikro Da\u011f\u0131t\u0131m A.\u015e. conducts its operations with respect for human rights across all workplaces in which it operates globally.<\/p><p>The company strives to provide a work environment that is respectful of human rights and aligned with international standards, where employees can develop themselves, freely express their ideas, and are not subject to discrimination.<\/p><p>4.1 Principles, Commitments and Related Practices<\/p><p>4.1.1 Respect for and Compliance with Human Rights<\/p><p>QS Mikro Da\u011f\u0131t\u0131m A.\u015e., which bases all its relationships on mutual respect, acts in compliance with human rights in its relations with employees, customers, business partners, competitors, and the communities in which it operates. The company works to encourage all stakeholders to be sensitive to human rights and to prevent human rights violations.<\/p><p>4.1.2 Equal Opportunity, Diversity and Inclusion<\/p><p>A working environment is provided in which employees, regardless of their differences, feel fully included and act with respect for each other\u2019s rights and dignity in all their behaviors.<\/p><p>Recruitment, placement, career development, training, compensation, and promotion decisions are made based on employees\u2019 qualifications, performance, skills, and experience. Within this system where performance and contribution to corporate success are recognized cultural diversity and equal opportunity are actively encouraged.<br> <br> <br> <\/p><p>Workforce diversity is essential for the company to achieve its objectives. Therefore, QS Mikro Da\u011f\u0131t\u0131m A.\u015e. strives to attract, develop, and retain talents who respect differences, are open-minded and tolerant, and come from diverse backgrounds and experiences.<\/p><p>4.1.3 Wages and Benefits<\/p><p>QS Mikro Da\u011f\u0131t\u0131m A.\u015e. provides compensation to its employees on an equal basis within the scope of their responsibilities. Compensation is determined based on factors such as individual competencies, academic level, and experience. In cases where employee performance exceeds established standards, bonus incentives are provided to motivate and reward employees.<\/p><p>As fringe benefits, transportation and meal allowances are provided to employees on a monthly basis to support their standard of living.<\/p><p>4.1.4 Discrimination<\/p><p>Everyone working at QS Mikro Da\u011f\u0131t\u0131m A.\u015e. benefits equally from legally recognized rights and freedoms. In line with the Diversity and Inclusion Policy of QS Mikro Da\u011f\u0131t\u0131m A.\u015e., no discrimination is permitted on the basis of age, gender, race, color, language, religion, philosophical or political opinion, ethnic origin, economic status, sexual orientation, health status, disability, physical appearance, clothing, or lifestyle.<\/p><p>Discriminatory behavior, actions, or any form of retaliation are not tolerated.<\/p><p>4.1.5 Rights of Minorities and Indigenous PeopleS<\/p><p>In accordance with Article 30 of the Convention on the Rights of the Child and Article 27 of the International Covenant on Civil and Political Rights (ICCPR, 1966), QS Mikro Da\u011f\u0131t\u0131m A.\u015e. recognizes and supports the right of individuals belonging to minorities and indigenous communities to freely use, live, and practice their own culture, religion, and language.   <\/p><p>4.1.6 Right to Collective Bargaining and Freedom of Association<\/p><p>Employees\u2019 right to collective bargaining and freedom of association are respected.<\/p><p>Employer support will be provided when employees choose to act in line with these rights.<\/p><p>4.1.7 Freedom of Expression<\/p><p>The company adopts the principle of preventing any situation that may hinder employees from exercising their right to freedom of expression in the workplace and provides the necessary tools and environments for employees to express themselves freely.<\/p><p>4.1.8 Occupational Health and Safety<\/p><p>Protecting the health and safety of employees, as well as visitors or business partners who are present at QS Mikro Da\u011f\u0131t\u0131m A.\u015e. workplaces and\/or work areas for any reason, is among the company\u2019s top priorities.<\/p><p>For this reason, company management strives to ensure the highest safety standards in order to prevent potential hazards in the workplace.<\/p><p>In order to create a safe and healthy working environment, compliance with applicable occupational health and safety legislation and internal company requirements is essential.<\/p><p>QS Mikro Da\u011f\u0131t\u0131m A.\u015e. receives Occupational Health and Safety services by signing a service agreement with AZIM OSGB, which holds ISO 45001 certification.<\/p><p>Through the Occupational Health and Safety Committee, the company works to ensure and maintain a healthy and productive workplace by regularly identifying and addressing risks that may cause accidents, injuries, or health issues.<\/p><p>Under the supervision of Occupational Health and Safety specialists, fire and earthquake trainings are planned for employees twice a year, in April and October, and corresponding trainings and drills are conducted.<\/p><p>4.1.9 Forced Labor<\/p><p>Employees are not allowed to be employed without their consent. No employee is subjected to pressure under any circumstances, and all employees are employed in appropriate positions under equal conditions and of their own free will. <\/p><p>4.1.10 Child Labor<\/p><p>In accordance with the principle of prohibiting child labor as set out in the International Labour Organization\u2019s Declaration on Fundamental Principles and Rights at Work, QS Mikro Da\u011f\u0131t\u0131m A.\u015e. does not employ child labor.<\/p><p>4.1.11 Violence and Ill-Treatment<\/p><p>QS Mikro Da\u011f\u0131t\u0131m A.\u015e. commits to providing a safe working environment for all employees and treats them with respect in a manner that does not undermine human dignity.<\/p><p>Employees are also obligated, regardless of the reason, not to engage in physical or psychological violence or ill-treatment toward anyone and not to tolerate such behavior by others.<\/p><p>Even if no action is taken, threats of violence, ill-treatment, or attempts to intimidate or instill fear are evaluated within the same scope.<\/p><p>QS Mikro Da\u011f\u0131t\u0131m A.\u015e. has zero tolerance for any form of physical, verbal, sexual, or psychological harassment, abuse, or threats.<\/p><p>4.1.12 Working Hours, Wages and Employee Rights<\/p><p>QS Mikro Da\u011f\u0131t\u0131m A.\u015e. conducts its operations in compliance with applicable laws regarding wages, working hours, overtime, and fringe benefits.<\/p><p>The company aims to prevent overtime by implementing practices that enhance employee productivity during working hours and supports the protection of work\u2013life balance.<\/p><p>QS Mikro Da\u011f\u0131t\u0131m A.\u015e. encourages the creation of a productive and motivating work environment that continuously supports development in the workplace, as well as personal development opportunities, training investments, and recognition and reward programs that promote achievement, exemplary behavior, innovation, and creativity.<\/p><p>4.2 Policy, Procedures and Resolution of Non-Compliance<\/p><p>At QS Mikro Da\u011f\u0131t\u0131m A.\u015e., any situation that is believed to be contrary to ethical values and principles, company policies and procedures, or legal regulations is reported through the complaint procedure and mechanism.<\/p><p>The QS Mikro Da\u011f\u0131t\u0131m A.\u015e. Complaint Mechanism is a support center that operates 24\/7 and can be accessed via telephone or the company website, allowing individuals in T\u00fcrkiye and other countries to report detected or witnessed misconduct, raise concerns verbally or in writing, or ask questions.<\/p><p>Current information regarding Ethical Hotline channels and their usage is communicated to employees of QS Mikro Da\u011f\u0131t\u0131m A.\u015e. through internal intranet and announcement systems (e-mails, posters, etc.).<\/p><p>4.2.1 Land, Forest and Water Rights and Forced Eviction<\/p><p>QS Mikro Da\u011f\u0131t\u0131m A.\u015e. complies with international regulations established for the protection of the environment and the conservation of natural resources. In this regard, the company holds ISO 9001, ISO 14001, and ISO 22301 certifications.<\/p><p>In cases requiring Forced Eviction for the maintenance of social order and in the public interest, QS Mikro Da\u011f\u0131t\u0131m A.\u015e. will comply with the legal decisions issued by Public Authorities.<\/p><p>4.2.2 Use of Private or Public Security Forces<\/p><p>As a logistics company engaged in international transportation, QS Mikro Da\u011f\u0131t\u0131m A.\u015e. is responsible for the security of the parcels and cargo entrusted to it until they are delivered to the recipient.<\/p><p>In this context, all branches are equipped with private security systems, including alarms and surveillance cameras. In legal processes requiring official follow-up, QS Mikro Da\u011f\u0131t\u0131m A.\u015e. will act in close coordination with Public Security Forces and in accordance with their instructions.<\/p><p><strong>Conclusion<\/strong><\/p><p>QS Mikro Da\u011f\u0131t\u0131m A.\u015e. fully fulfills its corporate responsibilities to society with respect for human rights and operates under rules and ethical values that protect employee rights equally and fairly.<\/p><p>In delivering its services, the company maintains the highest level of environmental awareness and continuously complies with and implements regulations for the protection of the environment and natural resources.<\/p><\/div><\/div><\/div><\/div><\/div><\/div><\/article>\t\t\t\t\t\t\t\t<\/div>\n\t\t\t\t\t<\/div>\n\t\t\t\t<\/div>\n\t\t\t\t<section class=\"elementor-section elementor-top-section elementor-element elementor-element-7e18261 elementor-section-full_width elementor-section-height-default elementor-section-height-default\" data-id=\"7e18261\" data-element_type=\"section\" data-e-type=\"section\">\n\t\t\t\t\t\t<div class=\"elementor-container elementor-column-gap-default\">\n\t\t\t\t\t<div class=\"elementor-column elementor-col-100 elementor-top-column elementor-element elementor-element-7a1a7bf\" data-id=\"7a1a7bf\" data-element_type=\"column\" data-e-type=\"column\">\n\t\t\t<div class=\"elementor-widget-wrap elementor-element-populated\">\n\t\t\t\t\t\t<div class=\"elementor-element elementor-element-03aa2a0 elementor-widget elementor-widget-tx_newsletter elh-el tx_newsletter\" data-id=\"03aa2a0\" data-element_type=\"widget\" data-e-type=\"widget\" data-settings=\"{&quot;design_style&quot;:&quot;style_2&quot;}\" data-widget_type=\"tx_newsletter.default\">\n\t\t\t\t<div class=\"elementor-widget-container\">\n\t\t\t\t\t<div class=\"laa-newsletter-1-area laa-redius-20 bg-default laa-scn-margin pt-40 pb-40 p-relative fix tx-section\" data-background=\"https:\/\/quickshipper.com\/wp-content\/uploads\/2024\/09\/text-slide-1-bg.webp\">\r\n\r\n        <div class=\"laa-newsletter-1-plane\">\r\n        <img decoding=\"async\" src=\"https:\/\/quickshipper.com\/wp-content\/uploads\/2025\/11\/envato-labs-image-edit-46-e1763111019588.png\"\r\n        alt=\"envato-labs-image-edit (46)\">\r\n    <\/div>\r\n    \r\n    <div class=\"container laa-container-1\">\r\n        <div class=\"laa-newsletter-1-wrap\">\r\n                        <h3 class=\"laa-newsletter-1-title laa-heading-1  laa-font-600 txaa-split-text-3 txaa-split-text-3-ani \">\r\n                Subscribe to Stay Updated with the Latest Developments in the World of Logistics.            <\/h3>\r\n            \r\n                        <div class=\"tx-newsletterForm\">\r\n                \n<div class=\"wpcf7 no-js\" id=\"wpcf7-f6721-o1\" lang=\"en-US\" dir=\"ltr\" data-wpcf7-id=\"6721\">\n<div class=\"screen-reader-response\"><p role=\"status\" aria-live=\"polite\" aria-atomic=\"true\"><\/p> <ul><\/ul><\/div>\n<form action=\"\/en\/wp-json\/wp\/v2\/pages\/6538#wpcf7-f6721-o1\" method=\"post\" class=\"wpcf7-form init\" aria-label=\"Contact form\" novalidate=\"novalidate\" data-status=\"init\">\n<fieldset class=\"hidden-fields-container\"><input type=\"hidden\" name=\"_wpcf7\" value=\"6721\" \/><input type=\"hidden\" name=\"_wpcf7_version\" value=\"6.1.5\" \/><input type=\"hidden\" name=\"_wpcf7_locale\" value=\"en_US\" \/><input type=\"hidden\" name=\"_wpcf7_unit_tag\" value=\"wpcf7-f6721-o1\" \/><input type=\"hidden\" name=\"_wpcf7_container_post\" value=\"0\" \/><input type=\"hidden\" name=\"_wpcf7_posted_data_hash\" value=\"\" \/>\n<\/fieldset>\n<div class=\"laa-newsletter-1-form\">\n<span class=\"wpcf7-form-control-wrap\" data-name=\"email-588\"><input size=\"40\" maxlength=\"400\" class=\"wpcf7-form-control wpcf7-email wpcf7-validates-as-required wpcf7-text wpcf7-validates-as-email laa-newsletter-1-form-input\" aria-required=\"true\" aria-invalid=\"false\" placeholder=\"Enter Your E-mail Address...\" value=\"\" type=\"email\" name=\"email-588\" \/><\/span>\n\t\t\t\t\t<button type=\"submit\" aria-label=\"name\" class=\"laa-newsletter-1-form-btn\">\n\t\t\t\t\t\t<i>\n\t\t\t\t\t\t\t<svg xmlns=\"http:\/\/www.w3.org\/2000\/svg\" width=\"24\" height=\"24\" viewbox=\"0 0 24 24\" fill=\"none\">\n\t\t\t\t\t\t\t\t<path d=\"M22 2L11 13\" stroke=\"#F62459\" stroke-width=\"2\" stroke-linecap=\"round\" stroke-linejoin=\"round\"><\/path>\n\t\t\t\t\t\t\t\t<path d=\"M22 2L15 22L11 13L2 9L22 2Z\" stroke=\"#F62459\" stroke-width=\"2\" stroke-linecap=\"round\" stroke-linejoin=\"round\"><\/path>\n\t\t\t\t\t\t\t<\/svg>\n\t\t\t\t\t\t<\/i>\n\t\t\t\t\t<\/button><\/div><div class=\"wpcf7-response-output\" aria-hidden=\"true\"><\/div>\n<\/form>\n<\/div>\n            <\/div>\r\n                    <\/div>\r\n    <\/div>\r\n<\/div>\t\t\t\t<\/div>\n\t\t\t\t<\/div>\n\t\t\t\t\t<\/div>\n\t\t<\/div>\n\t\t\t\t\t<\/div>\n\t\t<\/section>\n\t\t\t\t<\/div>\n\t\t","protected":false},"excerpt":{"rendered":"<p>PURPOSE The purpose of the human rights policy is to reflect the principles adopted by QS Mikro Da\u011f\u0131t\u0131m A.\u015e. regarding human rights and to serve as a guiding framework for its employees and business partners. This policy has been prepared based on the Universal Declaration of Human Rights, the United Nations (UN) Global Compact, the [&hellip;]<\/p>\n","protected":false},"author":3,"featured_media":0,"parent":0,"menu_order":0,"comment_status":"closed","ping_status":"closed","template":"elementor_header_footer","meta":{"inline_featured_image":false,"footnotes":""},"class_list":["post-6538","page","type-page","status-publish","hentry"],"_links":{"self":[{"href":"https:\/\/quickshipper.com\/en\/wp-json\/wp\/v2\/pages\/6538","targetHints":{"allow":["GET"]}}],"collection":[{"href":"https:\/\/quickshipper.com\/en\/wp-json\/wp\/v2\/pages"}],"about":[{"href":"https:\/\/quickshipper.com\/en\/wp-json\/wp\/v2\/types\/page"}],"author":[{"embeddable":true,"href":"https:\/\/quickshipper.com\/en\/wp-json\/wp\/v2\/users\/3"}],"replies":[{"embeddable":true,"href":"https:\/\/quickshipper.com\/en\/wp-json\/wp\/v2\/comments?post=6538"}],"version-history":[{"count":6,"href":"https:\/\/quickshipper.com\/en\/wp-json\/wp\/v2\/pages\/6538\/revisions"}],"predecessor-version":[{"id":6545,"href":"https:\/\/quickshipper.com\/en\/wp-json\/wp\/v2\/pages\/6538\/revisions\/6545"}],"wp:attachment":[{"href":"https:\/\/quickshipper.com\/en\/wp-json\/wp\/v2\/media?parent=6538"}],"curies":[{"name":"wp","href":"https:\/\/api.w.org\/{rel}","templated":true}]}}