{"id":6529,"date":"2025-12-01T15:53:21","date_gmt":"2025-12-01T12:53:21","guid":{"rendered":"https:\/\/quickshipper.com\/corporate-sustainability\/"},"modified":"2026-01-14T11:50:27","modified_gmt":"2026-01-14T08:50:27","slug":"corporate-sustainability","status":"publish","type":"page","link":"https:\/\/quickshipper.com\/en\/corporate-sustainability\/","title":{"rendered":"Corporate Sustainability"},"content":{"rendered":"\t\t<div data-elementor-type=\"wp-page\" data-elementor-id=\"6529\" class=\"elementor elementor-6529 elementor-5218\">\n\t\t\t\t\t\t<section class=\"elementor-section elementor-top-section elementor-element elementor-element-9cd20b9 elementor-section-full_width elementor-section-height-default elementor-section-height-default\" data-id=\"9cd20b9\" data-element_type=\"section\" data-e-type=\"section\">\n\t\t\t\t\t\t<div class=\"elementor-container elementor-column-gap-default\">\n\t\t\t\t\t<div class=\"elementor-column elementor-col-100 elementor-top-column elementor-element elementor-element-371567b\" data-id=\"371567b\" data-element_type=\"column\" data-e-type=\"column\">\n\t\t\t<div class=\"elementor-widget-wrap elementor-element-populated\">\n\t\t\t\t\t\t<div class=\"elementor-element elementor-element-ca1d76c elementor-widget elementor-widget-tx_about elh-el tx_about\" data-id=\"ca1d76c\" data-element_type=\"widget\" data-e-type=\"widget\" data-settings=\"{&quot;design_style&quot;:&quot;style_10&quot;}\" data-widget_type=\"tx_about.default\">\n\t\t\t\t<div class=\"elementor-widget-container\">\n\t\t\t\t\t<div class=\"laa-about-1-area p-relative fix tx-section\">\r\n    <div class=\"container laa-container-1\">\r\n        <div class=\"laa-about-1-content p-relative\">\r\n            <!-- scn-title -->\r\n            <div class=\"laa-about-1-scn-title mb-45\">\r\n                                <h2 class=\"tx-title laa-scn-title-1 txaa-split-text-3 txaa-split-text-3-ani\">Corporate Sustainability<\/h2>                                <p class=\"laa-para-1 mt-30 tx-description\">In today\u2019s business world, many companies have come to realize that guiding their operations solely through profit-oriented goals, plans, and strategies is no longer sufficient. As QS Mikro Da\u011f\u0131t\u0131m A.\u015e., our success is measured not only by financial indicators but also by our environmental and social performance.\n\nFor QS Mikro Da\u011f\u0131t\u0131m A.\u015e. to maintain a lasting presence in the market, continuously increase customer satisfaction, build strong relationships with stakeholders, and enhance brand value, it must achieve integrated success across financial, environmental, and social dimensions. Within this framework, our approach to corporate sustainability includes combating climate change, implementing zero-waste initiatives, and closely following and applying scientific and technological developments. These efforts focus on reducing greenhouse gas emissions and carbon release into the atmosphere, which form the foundation of global warming and climate change challenges that threaten our future.\n\nTo support these initiatives, QS Mikro Da\u011f\u0131t\u0131m A.\u015e. has decided to incorporate environmentally friendly systems with low greenhouse gas emissions into its strategic plans. Examples include integrating lower-emission vehicles into the company fleet and delivering waste to recycling centers. As a result of these efforts, QS Mikro Da\u011f\u0131t\u0131m A.\u015e. has earned the ISO 14001 Environmental Management System certification.\n\nIn this regard, corporate sustainability will continue to be one of the strategic principles of QS Mikro Da\u011f\u0131t\u0131m A.\u015e., as it was in the past, and as it will be today and in the future. We are proud to be a better company for a better world.<\/p>\r\n                            <\/div>\r\n\r\n            <!-- feature -->\r\n            \r\n            \r\n        <\/div>\r\n\r\n        <div class=\"laa-about-1-ani-shape\">\r\n            <div class=\"container fx-container-1\">\r\n                <svg class=\"laa-about-1-ani-shape-svg laa-pattn-two\" width=\"210\" height=\"140\" viewBox=\"0 0 210 140\" fill=\"none\" xmlns=\"http:\/\/www.w3.org\/2000\/svg\">\r\n                    <rect class=\"laa-pattn-two-2\" opacity=\"0.16\" width=\"70\" height=\"70\" transform=\"matrix(-1 -8.74228e-08 -8.74228e-08 1 140 70)\" fill=\"#1A2D4E\"\/>\r\n                    <rect class=\"laa-pattn-two-3\" opacity=\"0.16\" width=\"70\" height=\"70\" transform=\"matrix(-1 -8.74228e-08 -8.74228e-08 1 210 70)\" fill=\"#27AAE2\"\/>\r\n                    <rect class=\"laa-pattn-two-1\" opacity=\"0.56\" width=\"70\" height=\"70\" transform=\"matrix(-1 -8.74228e-08 -8.74228e-08 1 70 70)\" fill=\"white\"\/>\r\n                    <rect class=\"laa-pattn-two-4\" opacity=\"0.08\" width=\"70\" height=\"70\" transform=\"matrix(-1 -8.74228e-08 -8.74228e-08 1 140 0)\" fill=\"#F62459\"\/>\r\n                <\/svg>\r\n            <\/div>\r\n        <\/div>\r\n\r\n    <\/div>\r\n\r\n    <div class=\"laa-about-1-ship-box\">\r\n                <div class=\"laa-about-1-ship-box-cirle\">\r\n            <img decoding=\"async\"\r\n            src=\"https:\/\/quickshipper.com\/wp-content\/uploads\/2025\/12\/surduruebilir.png\"\r\n            alt=\"surduruebilir\">\r\n        <\/div>\r\n        \r\n            <\/div>\r\n\r\n        <div class=\"laa-about-1-bg-shape\">\r\n        <img decoding=\"async\"\r\n        src=\"https:\/\/quickshipper.com\/wp-content\/uploads\/2024\/09\/bg-shape.svg\"\r\n        alt=\"bg-shape\">\r\n    <\/div>\r\n    <\/div>\t\t\t\t<\/div>\n\t\t\t\t<\/div>\n\t\t\t\t\t<\/div>\n\t\t<\/div>\n\t\t\t\t\t<\/div>\n\t\t<\/section>\n\t\t\t\t<section class=\"elementor-section elementor-top-section elementor-element elementor-element-7e18261 elementor-section-full_width elementor-section-height-default elementor-section-height-default\" data-id=\"7e18261\" data-element_type=\"section\" data-e-type=\"section\">\n\t\t\t\t\t\t<div class=\"elementor-container elementor-column-gap-default\">\n\t\t\t\t\t<div class=\"elementor-column elementor-col-100 elementor-top-column elementor-element elementor-element-7a1a7bf\" data-id=\"7a1a7bf\" data-element_type=\"column\" data-e-type=\"column\">\n\t\t\t<div class=\"elementor-widget-wrap elementor-element-populated\">\n\t\t\t\t\t\t<div class=\"elementor-element elementor-element-03aa2a0 elementor-widget elementor-widget-tx_newsletter elh-el tx_newsletter\" data-id=\"03aa2a0\" data-element_type=\"widget\" data-e-type=\"widget\" data-settings=\"{&quot;design_style&quot;:&quot;style_2&quot;}\" data-widget_type=\"tx_newsletter.default\">\n\t\t\t\t<div class=\"elementor-widget-container\">\n\t\t\t\t\t<div class=\"laa-newsletter-1-area laa-redius-20 bg-default laa-scn-margin pt-40 pb-40 p-relative fix tx-section\" data-background=\"https:\/\/quickshipper.com\/wp-content\/uploads\/2024\/09\/text-slide-1-bg.webp\">\r\n\r\n        <div class=\"laa-newsletter-1-plane\">\r\n        <img decoding=\"async\" src=\"https:\/\/quickshipper.com\/wp-content\/uploads\/2025\/11\/envato-labs-image-edit-46-e1763111019588.png\"\r\n        alt=\"envato-labs-image-edit (46)\">\r\n    <\/div>\r\n    \r\n    <div class=\"container laa-container-1\">\r\n        <div class=\"laa-newsletter-1-wrap\">\r\n                        <h3 class=\"laa-newsletter-1-title laa-heading-1  laa-font-600 txaa-split-text-3 txaa-split-text-3-ani \">\r\n                Subscribe to Stay Updated with the Latest Developments in the World of Logistics.            <\/h3>\r\n            \r\n                        <div class=\"tx-newsletterForm\">\r\n                \n<div class=\"wpcf7 no-js\" id=\"wpcf7-f6721-o1\" lang=\"en-US\" dir=\"ltr\" data-wpcf7-id=\"6721\">\n<div class=\"screen-reader-response\"><p role=\"status\" aria-live=\"polite\" aria-atomic=\"true\"><\/p> <ul><\/ul><\/div>\n<form action=\"\/en\/wp-json\/wp\/v2\/pages\/6529#wpcf7-f6721-o1\" method=\"post\" class=\"wpcf7-form init\" aria-label=\"Contact form\" novalidate=\"novalidate\" data-status=\"init\">\n<fieldset class=\"hidden-fields-container\"><input type=\"hidden\" name=\"_wpcf7\" value=\"6721\" \/><input type=\"hidden\" name=\"_wpcf7_version\" value=\"6.1.5\" \/><input type=\"hidden\" name=\"_wpcf7_locale\" value=\"en_US\" \/><input type=\"hidden\" name=\"_wpcf7_unit_tag\" value=\"wpcf7-f6721-o1\" \/><input type=\"hidden\" name=\"_wpcf7_container_post\" value=\"0\" \/><input type=\"hidden\" name=\"_wpcf7_posted_data_hash\" value=\"\" \/>\n<\/fieldset>\n<div class=\"laa-newsletter-1-form\">\n<span class=\"wpcf7-form-control-wrap\" data-name=\"email-588\"><input size=\"40\" maxlength=\"400\" class=\"wpcf7-form-control wpcf7-email wpcf7-validates-as-required wpcf7-text wpcf7-validates-as-email laa-newsletter-1-form-input\" aria-required=\"true\" aria-invalid=\"false\" placeholder=\"Enter Your E-mail Address...\" value=\"\" type=\"email\" name=\"email-588\" \/><\/span>\n\t\t\t\t\t<button type=\"submit\" aria-label=\"name\" class=\"laa-newsletter-1-form-btn\">\n\t\t\t\t\t\t<i>\n\t\t\t\t\t\t\t<svg xmlns=\"http:\/\/www.w3.org\/2000\/svg\" width=\"24\" height=\"24\" viewbox=\"0 0 24 24\" fill=\"none\">\n\t\t\t\t\t\t\t\t<path d=\"M22 2L11 13\" stroke=\"#F62459\" stroke-width=\"2\" stroke-linecap=\"round\" stroke-linejoin=\"round\"><\/path>\n\t\t\t\t\t\t\t\t<path d=\"M22 2L15 22L11 13L2 9L22 2Z\" stroke=\"#F62459\" stroke-width=\"2\" stroke-linecap=\"round\" stroke-linejoin=\"round\"><\/path>\n\t\t\t\t\t\t\t<\/svg>\n\t\t\t\t\t\t<\/i>\n\t\t\t\t\t<\/button><\/div><div class=\"wpcf7-response-output\" aria-hidden=\"true\"><\/div>\n<\/form>\n<\/div>\n            <\/div>\r\n                    <\/div>\r\n    <\/div>\r\n<\/div>\t\t\t\t<\/div>\n\t\t\t\t<\/div>\n\t\t\t\t\t<\/div>\n\t\t<\/div>\n\t\t\t\t\t<\/div>\n\t\t<\/section>\n\t\t\t\t<\/div>\n\t\t","protected":false},"excerpt":{"rendered":"<p>Corporate Sustainability In today\u2019s business world, many companies have come to realize that guiding their operations solely through profit-oriented goals, plans, and strategies is no longer sufficient. As QS Mikro Da\u011f\u0131t\u0131m A.\u015e., our success is measured not only by financial indicators but also by our environmental and social performance. For QS Mikro Da\u011f\u0131t\u0131m A.\u015e. to [&hellip;]<\/p>\n","protected":false},"author":3,"featured_media":0,"parent":0,"menu_order":0,"comment_status":"closed","ping_status":"closed","template":"elementor_header_footer","meta":{"inline_featured_image":false,"footnotes":""},"class_list":["post-6529","page","type-page","status-publish","hentry"],"_links":{"self":[{"href":"https:\/\/quickshipper.com\/en\/wp-json\/wp\/v2\/pages\/6529","targetHints":{"allow":["GET"]}}],"collection":[{"href":"https:\/\/quickshipper.com\/en\/wp-json\/wp\/v2\/pages"}],"about":[{"href":"https:\/\/quickshipper.com\/en\/wp-json\/wp\/v2\/types\/page"}],"author":[{"embeddable":true,"href":"https:\/\/quickshipper.com\/en\/wp-json\/wp\/v2\/users\/3"}],"replies":[{"embeddable":true,"href":"https:\/\/quickshipper.com\/en\/wp-json\/wp\/v2\/comments?post=6529"}],"version-history":[{"count":4,"href":"https:\/\/quickshipper.com\/en\/wp-json\/wp\/v2\/pages\/6529\/revisions"}],"predecessor-version":[{"id":6537,"href":"https:\/\/quickshipper.com\/en\/wp-json\/wp\/v2\/pages\/6529\/revisions\/6537"}],"wp:attachment":[{"href":"https:\/\/quickshipper.com\/en\/wp-json\/wp\/v2\/media?parent=6529"}],"curies":[{"name":"wp","href":"https:\/\/api.w.org\/{rel}","templated":true}]}}