{"id":6521,"date":"2024-06-09T10:17:27","date_gmt":"2024-06-09T07:17:27","guid":{"rendered":"https:\/\/quickshipper.com\/vision-mission\/"},"modified":"2026-01-14T11:47:31","modified_gmt":"2026-01-14T08:47:31","slug":"vision-mission","status":"publish","type":"page","link":"https:\/\/quickshipper.com\/en\/vision-mission\/","title":{"rendered":"Vision Mission"},"content":{"rendered":"\t\t<div data-elementor-type=\"wp-page\" data-elementor-id=\"6521\" class=\"elementor elementor-6521 elementor-49\">\n\t\t\t\t\t\t<section class=\"elementor-section elementor-top-section elementor-element elementor-element-049b5f7 elementor-section-full_width elementor-section-height-default elementor-section-height-default\" data-id=\"049b5f7\" data-element_type=\"section\" data-e-type=\"section\">\n\t\t\t\t\t\t<div class=\"elementor-container elementor-column-gap-default\">\n\t\t\t\t\t<div class=\"elementor-column elementor-col-100 elementor-top-column elementor-element elementor-element-bf601f0\" data-id=\"bf601f0\" data-element_type=\"column\" data-e-type=\"column\">\n\t\t\t<div class=\"elementor-widget-wrap elementor-element-populated\">\n\t\t\t\t\t\t<div class=\"elementor-element elementor-element-670d842 elementor-widget elementor-widget-tx_about elh-el tx_about\" data-id=\"670d842\" data-element_type=\"widget\" data-e-type=\"widget\" data-settings=\"{&quot;design_style&quot;:&quot;style_1&quot;}\" data-widget_type=\"tx_about.default\">\n\t\t\t\t<div class=\"elementor-widget-container\">\n\t\t\t\t\t<section class=\"log-about-section-1 pt-120 pb-120 tx-section\">\r\n    <div class=\"container\">\r\n        <div class=\"log-about-content-1 d-flex\">\r\n            <div class=\"log-about-img-1 txt_item_active position-relative\">\r\n                \r\n                                <div class=\"inner-img-2 img-parallax-2\">\r\n                    <img decoding=\"async\"\r\n                        src=\"https:\/\/quickshipper.com\/wp-content\/uploads\/2025\/11\/14.jpg\"\r\n                        alt=\"14\">\r\n                <\/div>\r\n                \r\n                            <\/div>\r\n            <div class=\"log-about-text-1 pt-20\">\r\n                <div class=\"log-section-title-1 headline log-text pera-content\">\r\n                                        <div class=\"subtitle text-uppercase wow fadeInRight tx-subTitle\" data-wow-delay=\"300ms\" data-wow-duration=\"1000ms\">\r\n                                                QUICKSHIPPER                    <\/div>\r\n                    \r\n                    <h2 class=\"tx-title section_title tx-split-text split-in-right\">Vision<\/h2>\r\n                                        <p class=\"tx-description\">\r\n                        With the aim of contributing to the growth of our country\u2019s exports, we ensure that small and medium-sized enterprises can deliver their international documents, parcels, cargo, and pallets in the safest and most cost-effective way by utilizing our international transportation network, suppliers, and distribution channels in the most efficient manner.\n\nTo enable e-commerce exporters to carry out their international deliveries in a secure, economical, and traceable way, encouraging individuals and SMEs to easily engage in export activities.\n\nBy continuously creating more efficient and advantageous channels, we aim to empower our e-commerce exporters to achieve more competitive sales in global markets.\n\nThrough our efforts, we strive to provide sustainable contributions to the communities we operate in, our exporters, and the individuals and organizations working to grow their e-commerce businesses.                    <\/p>\r\n                                    <\/div>\r\n                <div class=\"log-about-list-item mt-35 d-flex align-items-center\">\r\n                    \r\n                    \r\n                <\/div>\r\n                <div class=\"log-about-cta-grp mt-45 d-flex flex-wrap align-items-center wow fadeInUp\" data-wow-delay=\"500ms\" data-wow-duration=\"1000ms\">\r\n                    \r\n                                    <\/div>\r\n            <\/div>\r\n        <\/div>\r\n    <\/div>\r\n<\/section>\t\t\t\t<\/div>\n\t\t\t\t<\/div>\n\t\t\t\t\t<\/div>\n\t\t<\/div>\n\t\t\t\t\t<\/div>\n\t\t<\/section>\n\t\t\t\t<section class=\"elementor-section elementor-top-section elementor-element elementor-element-e105c15 elementor-section-full_width elementor-section-height-default elementor-section-height-default\" data-id=\"e105c15\" data-element_type=\"section\" data-e-type=\"section\">\n\t\t\t\t\t\t<div class=\"elementor-container elementor-column-gap-default\">\n\t\t\t\t\t<div class=\"elementor-column elementor-col-100 elementor-top-column elementor-element elementor-element-db833a2\" data-id=\"db833a2\" data-element_type=\"column\" data-e-type=\"column\">\n\t\t\t<div class=\"elementor-widget-wrap elementor-element-populated\">\n\t\t\t\t\t\t<div class=\"elementor-element elementor-element-86fe977 elementor-widget elementor-widget-tx_about elh-el tx_about\" data-id=\"86fe977\" data-element_type=\"widget\" data-e-type=\"widget\" data-settings=\"{&quot;design_style&quot;:&quot;style_1&quot;}\" data-widget_type=\"tx_about.default\">\n\t\t\t\t<div class=\"elementor-widget-container\">\n\t\t\t\t\t<section class=\"log-about-section-1 pt-120 pb-120 tx-section\">\r\n    <div class=\"container\">\r\n        <div class=\"log-about-content-1 d-flex\">\r\n            <div class=\"log-about-img-1 txt_item_active position-relative\">\r\n                \r\n                                <div class=\"inner-img-2 img-parallax-2\">\r\n                    <img decoding=\"async\"\r\n                        src=\"https:\/\/quickshipper.com\/wp-content\/uploads\/2025\/11\/10.jpg\"\r\n                        alt=\"10\">\r\n                <\/div>\r\n                \r\n                            <\/div>\r\n            <div class=\"log-about-text-1 pt-20\">\r\n                <div class=\"log-section-title-1 headline log-text pera-content\">\r\n                                        <div class=\"subtitle text-uppercase wow fadeInRight tx-subTitle\" data-wow-delay=\"300ms\" data-wow-duration=\"1000ms\">\r\n                                                QUICKSHIPPER                    <\/div>\r\n                    \r\n                    <h2 class=\"tx-title section_title tx-split-text split-in-right\">Mission<\/h2>\r\n                                        <p class=\"tx-description\">\r\n                        To rapidly transport our exporters\u2019 international orders and samples, to enhance speed, security, and cost efficiency in their ETGB exports, and to enable entrepreneurs exporting via e-commerce to fulfill their deliveries safely and economically within an advanced digital environment.\n\nWe implement the required technological infrastructure and digital processes. We strengthen our collaborations with partner companies that have distribution infrastructures in other countries. By achieving economies of scale, we reduce unit costs and help our exporters and e-commerce platforms save on logistics expenses.\n\nBy considering the share of logistics costs within total sales, we enhance their competitiveness in foreign markets. We promote the use of ETGB (Micro Export, Easy Export) to simplify customs procedures and increase the rate of registered e-commerce transactions.                    <\/p>\r\n                                    <\/div>\r\n                <div class=\"log-about-list-item mt-35 d-flex align-items-center\">\r\n                    \r\n                    \r\n                <\/div>\r\n                <div class=\"log-about-cta-grp mt-45 d-flex flex-wrap align-items-center wow fadeInUp\" data-wow-delay=\"500ms\" data-wow-duration=\"1000ms\">\r\n                    \r\n                                    <\/div>\r\n            <\/div>\r\n        <\/div>\r\n    <\/div>\r\n<\/section>\t\t\t\t<\/div>\n\t\t\t\t<\/div>\n\t\t\t\t<div class=\"elementor-element elementor-element-17c33f5 elementor-hidden-desktop elementor-hidden-tablet elementor-hidden-mobile elementor-widget elementor-widget-tx_team elh-el tx_team\" data-id=\"17c33f5\" data-element_type=\"widget\" data-e-type=\"widget\" data-settings=\"{&quot;design_style&quot;:&quot;style_1&quot;}\" data-widget_type=\"tx_team.default\">\n\t\t\t\t<div class=\"elementor-widget-container\">\n\t\t\t\t\t<section id=\"log-team-1\" class=\"log-team-section-1 position-relative pt-120 tx-section\">\n\n    \n    <div class=\"container\">\n        <div class=\"laa-features-1-scn-title text-center\">\n                        <h5 class=\"laa-subtitle-1 hero-subtitle tx-subTitle\">EK\u0130B\u0130M\u0130Z<\/h5>\n            \n            <h2 class=\"tx-title laa-scn-title-1 txaa-split-text-3 txaa-split-text-3-ani\">\u0130\u015fletmenizin \u00d6l\u00e7e\u011fi Ne Olursa Olsun, \u0130thalat Yolculu\u011funuz G\u00fcvende!<\/h2>\t\t\t\t\t\t<p class=\"laa-para-1 mt-30 tx-description\"><\/p>\n\t\t\t        <\/div>\n        <div class=\"log-team-content-1 mt-40 pb-75\">\n            <div class=\"row justify-content-center\">\n\n                                <div class=\"col-lg-3 col-md-6 wow fadeInUp\"\n                data-wow-delay=&quot;200s&quot; data-wow-duration=&quot;1000s&quot;>\n                    <div class=\"log-team-item-1 position-relative\">\n                                                <div class=\"item-img\">\n                            <img decoding=\"async\"\n                            src=\"https:\/\/quickshipper.com\/wp-content\/uploads\/2024\/06\/team1.webp\"\n                            alt=\"team1\">\n                        <\/div>\n                        \n                                                <div class=\"item-text text-center headline\">\n                            <h3>\n                                <a\n                                href=\"https:\/\/quickshipper.com\/teams\/leslie-alexander\/\"\n                                target=\"_self\"\n                                rel=\"\"\n                                >\n                                    Deniz Y\u0131lmaz                                <\/a>\n                            <\/h3>\n                        <\/div>\n                        \n                        <div class=\"item-hover-text href-underline position-absolute text-center headline\">\n                                                        <h3>\n                                <a\n                                href=\"https:\/\/quickshipper.com\/teams\/leslie-alexander\/\"\n                                target=\"_self\"\n                                rel=\"\"\n                                >\n                                    Deniz Y\u0131lmaz                                <\/a>\n                            <\/h3>\n                            \n                                                        <span>Transportation Special<\/span>\n                                                    <\/div>\n                    <\/div>\n                <\/div>\n                                <div class=\"col-lg-3 col-md-6 wow fadeInUp\"\n                data-wow-delay=&quot;300s&quot; data-wow-duration=&quot;1000s&quot;>\n                    <div class=\"log-team-item-1 position-relative\">\n                                                <div class=\"item-img\">\n                            <img decoding=\"async\"\n                            src=\"https:\/\/quickshipper.com\/wp-content\/uploads\/2024\/06\/team2.webp\"\n                            alt=\"team2\">\n                        <\/div>\n                        \n                                                <div class=\"item-text text-center headline\">\n                            <h3>\n                                <a\n                                href=\"https:\/\/quickshipper.com\/teams\/leslie-alexander\/\"\n                                target=\"_self\"\n                                rel=\"\"\n                                >\n                                    Meltem Bayar                                <\/a>\n                            <\/h3>\n                        <\/div>\n                        \n                        <div class=\"item-hover-text href-underline position-absolute text-center headline\">\n                                                        <h3>\n                                <a\n                                href=\"https:\/\/quickshipper.com\/teams\/leslie-alexander\/\"\n                                target=\"_self\"\n                                rel=\"\"\n                                >\n                                    Meltem Bayar                                <\/a>\n                            <\/h3>\n                            \n                                                        <span>Transportation Special<\/span>\n                                                    <\/div>\n                    <\/div>\n                <\/div>\n                                <div class=\"col-lg-3 col-md-6 wow fadeInUp\"\n                data-wow-delay=&quot;400s&quot; data-wow-duration=&quot;1000s&quot;>\n                    <div class=\"log-team-item-1 position-relative\">\n                                                <div class=\"item-img\">\n                            <img decoding=\"async\"\n                            src=\"https:\/\/quickshipper.com\/wp-content\/uploads\/2024\/06\/team3.webp\"\n                            alt=\"team3\">\n                        <\/div>\n                        \n                                                <div class=\"item-text text-center headline\">\n                            <h3>\n                                <a\n                                href=\"https:\/\/quickshipper.com\/teams\/leslie-alexander\/\"\n                                target=\"_self\"\n                                rel=\"\"\n                                >\n                                    Hasan Kaymaz                                <\/a>\n                            <\/h3>\n                        <\/div>\n                        \n                        <div class=\"item-hover-text href-underline position-absolute text-center headline\">\n                                                        <h3>\n                                <a\n                                href=\"https:\/\/quickshipper.com\/teams\/leslie-alexander\/\"\n                                target=\"_self\"\n                                rel=\"\"\n                                >\n                                    Hasan Kaymaz                                <\/a>\n                            <\/h3>\n                            \n                                                        <span>Transportation Special<\/span>\n                                                    <\/div>\n                    <\/div>\n                <\/div>\n                                <div class=\"col-lg-3 col-md-6 wow fadeInUp\"\n                data-wow-delay=&quot;500s&quot; data-wow-duration=&quot;1000s&quot;>\n                    <div class=\"log-team-item-1 position-relative\">\n                                                <div class=\"item-img\">\n                            <img decoding=\"async\"\n                            src=\"https:\/\/quickshipper.com\/wp-content\/uploads\/2024\/06\/team4.webp\"\n                            alt=\"team4\">\n                        <\/div>\n                        \n                                                <div class=\"item-text text-center headline\">\n                            <h3>\n                                <a\n                                href=\"https:\/\/quickshipper.com\/teams\/leslie-alexander\/\"\n                                target=\"_self\"\n                                rel=\"\"\n                                >\n                                    Bet\u00fcl Akkaya                                <\/a>\n                            <\/h3>\n                        <\/div>\n                        \n                        <div class=\"item-hover-text href-underline position-absolute text-center headline\">\n                                                        <h3>\n                                <a\n                                href=\"https:\/\/quickshipper.com\/teams\/leslie-alexander\/\"\n                                target=\"_self\"\n                                rel=\"\"\n                                >\n                                    Bet\u00fcl Akkaya                                <\/a>\n                            <\/h3>\n                            \n                                                        <span>Transportation Special<\/span>\n                                                    <\/div>\n                    <\/div>\n                <\/div>\n                \n            <\/div>\n        <\/div>\n    <\/div>\n<\/section>\t\t\t\t<\/div>\n\t\t\t\t<\/div>\n\t\t\t\t\t<\/div>\n\t\t<\/div>\n\t\t\t\t\t<\/div>\n\t\t<\/section>\n\t\t\t\t<section class=\"elementor-section elementor-top-section elementor-element elementor-element-e40d419 elementor-section-full_width elementor-section-height-default elementor-section-height-default\" data-id=\"e40d419\" data-element_type=\"section\" data-e-type=\"section\">\n\t\t\t\t\t\t<div class=\"elementor-container elementor-column-gap-default\">\n\t\t\t\t\t<div class=\"elementor-column elementor-col-100 elementor-top-column elementor-element elementor-element-762595e\" data-id=\"762595e\" data-element_type=\"column\" data-e-type=\"column\">\n\t\t\t<div class=\"elementor-widget-wrap elementor-element-populated\">\n\t\t\t\t\t\t<div class=\"elementor-element elementor-element-6172f5e elementor-widget elementor-widget-tx_newsletter elh-el tx_newsletter\" data-id=\"6172f5e\" data-element_type=\"widget\" data-e-type=\"widget\" data-settings=\"{&quot;design_style&quot;:&quot;style_2&quot;}\" data-widget_type=\"tx_newsletter.default\">\n\t\t\t\t<div class=\"elementor-widget-container\">\n\t\t\t\t\t<div class=\"laa-newsletter-1-area laa-redius-20 bg-default laa-scn-margin pt-40 pb-40 p-relative fix tx-section\" data-background=\"https:\/\/quickshipper.com\/wp-content\/uploads\/2024\/09\/text-slide-1-bg.webp\">\r\n\r\n        <div class=\"laa-newsletter-1-plane\">\r\n        <img decoding=\"async\" src=\"https:\/\/quickshipper.com\/wp-content\/uploads\/2025\/11\/envato-labs-image-edit-46-e1763111019588.png\"\r\n        alt=\"envato-labs-image-edit (46)\">\r\n    <\/div>\r\n    \r\n    <div class=\"container laa-container-1\">\r\n        <div class=\"laa-newsletter-1-wrap\">\r\n                        <h3 class=\"laa-newsletter-1-title laa-heading-1  laa-font-600 txaa-split-text-3 txaa-split-text-3-ani \">\r\n                Subscribe to Stay Updated with the Latest Developments in the World of Logistics.            <\/h3>\r\n            \r\n                        <div class=\"tx-newsletterForm\">\r\n                \n<div class=\"wpcf7 no-js\" id=\"wpcf7-f6721-o1\" lang=\"en-US\" dir=\"ltr\" data-wpcf7-id=\"6721\">\n<div class=\"screen-reader-response\"><p role=\"status\" aria-live=\"polite\" aria-atomic=\"true\"><\/p> <ul><\/ul><\/div>\n<form action=\"\/en\/wp-json\/wp\/v2\/pages\/6521#wpcf7-f6721-o1\" method=\"post\" class=\"wpcf7-form init\" aria-label=\"Contact form\" novalidate=\"novalidate\" data-status=\"init\">\n<fieldset class=\"hidden-fields-container\"><input type=\"hidden\" name=\"_wpcf7\" value=\"6721\" \/><input type=\"hidden\" name=\"_wpcf7_version\" value=\"6.1.5\" \/><input type=\"hidden\" name=\"_wpcf7_locale\" value=\"en_US\" \/><input type=\"hidden\" name=\"_wpcf7_unit_tag\" value=\"wpcf7-f6721-o1\" \/><input type=\"hidden\" name=\"_wpcf7_container_post\" value=\"0\" \/><input type=\"hidden\" name=\"_wpcf7_posted_data_hash\" value=\"\" \/>\n<\/fieldset>\n<div class=\"laa-newsletter-1-form\">\n<span class=\"wpcf7-form-control-wrap\" data-name=\"email-588\"><input size=\"40\" maxlength=\"400\" class=\"wpcf7-form-control wpcf7-email wpcf7-validates-as-required wpcf7-text wpcf7-validates-as-email laa-newsletter-1-form-input\" aria-required=\"true\" aria-invalid=\"false\" placeholder=\"Enter Your E-mail Address...\" value=\"\" type=\"email\" name=\"email-588\" \/><\/span>\n\t\t\t\t\t<button type=\"submit\" aria-label=\"name\" class=\"laa-newsletter-1-form-btn\">\n\t\t\t\t\t\t<i>\n\t\t\t\t\t\t\t<svg xmlns=\"http:\/\/www.w3.org\/2000\/svg\" width=\"24\" height=\"24\" viewbox=\"0 0 24 24\" fill=\"none\">\n\t\t\t\t\t\t\t\t<path d=\"M22 2L11 13\" stroke=\"#F62459\" stroke-width=\"2\" stroke-linecap=\"round\" stroke-linejoin=\"round\"><\/path>\n\t\t\t\t\t\t\t\t<path d=\"M22 2L15 22L11 13L2 9L22 2Z\" stroke=\"#F62459\" stroke-width=\"2\" stroke-linecap=\"round\" stroke-linejoin=\"round\"><\/path>\n\t\t\t\t\t\t\t<\/svg>\n\t\t\t\t\t\t<\/i>\n\t\t\t\t\t<\/button><\/div><div class=\"wpcf7-response-output\" aria-hidden=\"true\"><\/div>\n<\/form>\n<\/div>\n            <\/div>\r\n                    <\/div>\r\n    <\/div>\r\n<\/div>\t\t\t\t<\/div>\n\t\t\t\t<\/div>\n\t\t\t\t\t<\/div>\n\t\t<\/div>\n\t\t\t\t\t<\/div>\n\t\t<\/section>\n\t\t\t\t<\/div>\n\t\t","protected":false},"excerpt":{"rendered":"<p>QUICKSHIPPER Vision With the aim of contributing to the growth of our country\u2019s exports, we ensure that small and medium-sized enterprises can deliver their international documents, parcels, cargo, and pallets in the safest and most cost-effective way by utilizing our international transportation network, suppliers, and distribution channels in the most efficient manner. To enable e-commerce [&hellip;]<\/p>\n","protected":false},"author":1,"featured_media":0,"parent":0,"menu_order":0,"comment_status":"closed","ping_status":"closed","template":"elementor_header_footer","meta":{"inline_featured_image":false,"footnotes":""},"class_list":["post-6521","page","type-page","status-publish","hentry"],"_links":{"self":[{"href":"https:\/\/quickshipper.com\/en\/wp-json\/wp\/v2\/pages\/6521","targetHints":{"allow":["GET"]}}],"collection":[{"href":"https:\/\/quickshipper.com\/en\/wp-json\/wp\/v2\/pages"}],"about":[{"href":"https:\/\/quickshipper.com\/en\/wp-json\/wp\/v2\/types\/page"}],"author":[{"embeddable":true,"href":"https:\/\/quickshipper.com\/en\/wp-json\/wp\/v2\/users\/1"}],"replies":[{"embeddable":true,"href":"https:\/\/quickshipper.com\/en\/wp-json\/wp\/v2\/comments?post=6521"}],"version-history":[{"count":4,"href":"https:\/\/quickshipper.com\/en\/wp-json\/wp\/v2\/pages\/6521\/revisions"}],"predecessor-version":[{"id":6528,"href":"https:\/\/quickshipper.com\/en\/wp-json\/wp\/v2\/pages\/6521\/revisions\/6528"}],"wp:attachment":[{"href":"https:\/\/quickshipper.com\/en\/wp-json\/wp\/v2\/media?parent=6521"}],"curies":[{"name":"wp","href":"https:\/\/api.w.org\/{rel}","templated":true}]}}