{"id":8110,"date":"2025-12-01T15:53:21","date_gmt":"2025-12-01T12:53:21","guid":{"rendered":"https:\/\/quickshipper.com\/%d8%a7%d9%84%d8%a7%d8%b3%d8%aa%d8%af%d8%a7%d9%85%d8%a9-%d8%a7%d9%84%d9%85%d8%a4%d8%b3%d8%b3%d9%8a%d8%a9\/"},"modified":"2026-02-12T16:46:22","modified_gmt":"2026-02-12T13:46:22","slug":"%d8%a7%d9%84%d8%a7%d8%b3%d8%aa%d8%af%d8%a7%d9%85%d8%a9-%d8%a7%d9%84%d9%85%d8%a4%d8%b3%d8%b3%d9%8a%d8%a9","status":"publish","type":"page","link":"https:\/\/quickshipper.com\/ar\/%d8%a7%d9%84%d8%a7%d8%b3%d8%aa%d8%af%d8%a7%d9%85%d8%a9-%d8%a7%d9%84%d9%85%d8%a4%d8%b3%d8%b3%d9%8a%d8%a9\/","title":{"rendered":"\u0627\u0644\u0627\u0633\u062a\u062f\u0627\u0645\u0629 \u0627\u0644\u0645\u0624\u0633\u0633\u064a\u0629"},"content":{"rendered":"\t\t<div data-elementor-type=\"wp-page\" data-elementor-id=\"8110\" class=\"elementor elementor-8110 elementor-5218\">\n\t\t\t\t\t\t<section class=\"elementor-section elementor-top-section elementor-element elementor-element-9cd20b9 elementor-section-full_width elementor-section-height-default elementor-section-height-default\" data-id=\"9cd20b9\" data-element_type=\"section\" data-e-type=\"section\">\n\t\t\t\t\t\t<div class=\"elementor-container elementor-column-gap-default\">\n\t\t\t\t\t<div class=\"elementor-column elementor-col-100 elementor-top-column elementor-element elementor-element-371567b\" data-id=\"371567b\" data-element_type=\"column\" data-e-type=\"column\">\n\t\t\t<div class=\"elementor-widget-wrap elementor-element-populated\">\n\t\t\t\t\t\t<div class=\"elementor-element elementor-element-ca1d76c elementor-widget elementor-widget-tx_about elh-el tx_about\" data-id=\"ca1d76c\" data-element_type=\"widget\" data-e-type=\"widget\" data-settings=\"{&quot;design_style&quot;:&quot;style_10&quot;}\" data-widget_type=\"tx_about.default\">\n\t\t\t\t<div class=\"elementor-widget-container\">\n\t\t\t\t\t<div class=\"laa-about-1-area p-relative fix tx-section\">\r\n    <div class=\"container laa-container-1\">\r\n        <div class=\"laa-about-1-content p-relative\">\r\n            <!-- scn-title -->\r\n            <div class=\"laa-about-1-scn-title mb-45\">\r\n                                <h2 class=\"tx-title laa-scn-title-1 txaa-split-text-3 txaa-split-text-3-ani\">\u0627\u0644\u0627\u0633\u062a\u062f\u0627\u0645\u0629 \u0627\u0644\u0645\u0624\u0633\u0633\u064a\u0629<\/h2>                                <p class=\"laa-para-1 mt-30 tx-description\">\u0641\u064a \u0639\u0627\u0644\u0645 \u0627\u0644\u0623\u0639\u0645\u0627\u0644 \u0627\u0644\u064a\u0648\u0645\u060c \u0623\u062f\u0631\u0643\u062a \u0627\u0644\u0639\u062f\u064a\u062f \u0645\u0646 \u0627\u0644\u0634\u0631\u0643\u0627\u062a \u0623\u0646 \u062a\u0648\u062c\u064a\u0647 \u0623\u0646\u0634\u0637\u062a\u0647\u0627 \u0627\u0639\u062a\u0645\u0627\u062f\u064b\u0627 \u0641\u0642\u0637 \u0639\u0644\u0649 \u0627\u0644\u0623\u0647\u062f\u0627\u0641 \u0648\u0627\u0644\u062e\u0637\u0637 \u0648\u0627\u0644\u0627\u0633\u062a\u0631\u0627\u062a\u064a\u062c\u064a\u0627\u062a \u0627\u0644\u0642\u0627\u0626\u0645\u0629 \u0639\u0644\u0649 \u0627\u0644\u0631\u0628\u062d \u0644\u0645 \u064a\u0639\u062f \u0643\u0627\u0641\u064a\u064b\u0627. \u0648\u0628\u0635\u0641\u062a\u0646\u0627 QS Mikro Da\u011f\u0131t\u0131m A.\u015e.\u060c \u0641\u0625\u0646 \u0646\u062c\u0627\u062d \u0634\u0631\u0643\u062a\u0646\u0627 \u0644\u0627 \u064a\u064f\u0642\u0627\u0633 \u0628\u0627\u0644\u0645\u0624\u0634\u0631\u0627\u062a \u0627\u0644\u0645\u0627\u0644\u064a\u0629 \u0641\u062d\u0633\u0628\u060c \u0628\u0644 \u064a\u064f\u0642\u0627\u0633 \u0623\u064a\u0636\u064b\u0627 \u0628\u0623\u062f\u0627\u0626\u0646\u0627 \u0627\u0644\u0628\u064a\u0626\u064a \u0648\u0627\u0644\u0627\u062c\u062a\u0645\u0627\u0639\u064a.\n\n\u0648\u0644\u0643\u064a \u062a\u062a\u0645\u0643\u0646 QS Mikro Da\u011f\u0131t\u0131m A.\u015e. \u0645\u0646 \u0627\u0644\u062d\u0641\u0627\u0638 \u0639\u0644\u0649 \u0645\u0643\u0627\u0646\u062a\u0647\u0627 \u0641\u064a \u0627\u0644\u0633\u0648\u0642\u060c \u0648\u0632\u064a\u0627\u062f\u0629 \u0631\u0636\u0627 \u0627\u0644\u0639\u0645\u0644\u0627\u0621 \u0628\u0634\u0643\u0644 \u0645\u0633\u062a\u0645\u0631\u060c \u0648\u0628\u0646\u0627\u0621 \u0639\u0644\u0627\u0642\u0627\u062a \u0642\u0648\u064a\u0629 \u0645\u0639 \u0623\u0635\u062d\u0627\u0628 \u0627\u0644\u0645\u0635\u0644\u062d\u0629\u060c \u0648\u062a\u0639\u0632\u064a\u0632 \u0642\u064a\u0645\u0629 \u0639\u0644\u0627\u0645\u062a\u0647\u0627 \u0627\u0644\u062a\u062c\u0627\u0631\u064a\u0629\u060c \u064a\u062c\u0628 \u0623\u0646 \u062a\u062d\u0642\u0642 \u0646\u062c\u0627\u062d\u064b\u0627 \u0645\u062a\u0643\u0627\u0645\u0644\u064b\u0627 \u0641\u064a \u0627\u0644\u062c\u0648\u0627\u0646\u0628 \u0627\u0644\u0645\u0627\u0644\u064a\u0629 \u0648\u0627\u0644\u0628\u064a\u0626\u064a\u0629 \u0648\u0627\u0644\u0627\u062c\u062a\u0645\u0627\u0639\u064a\u0629. \u0648\u0641\u064a \u0647\u0630\u0627 \u0627\u0644\u0625\u0637\u0627\u0631\u060c \u062a\u0634\u0645\u0644 \u062c\u0647\u0648\u062f\u0646\u0627 \u0641\u064a \u0645\u062c\u0627\u0644 \u0627\u0644\u0627\u0633\u062a\u062f\u0627\u0645\u0629 \u0627\u0644\u0645\u0624\u0633\u0633\u064a\u0629 \u0645\u0643\u0627\u0641\u062d\u0629 \u062a\u063a\u064a\u0651\u0631 \u0627\u0644\u0645\u0646\u0627\u062e\u060c \u0648\u062a\u0646\u0641\u064a\u0630 \u0645\u0645\u0627\u0631\u0633\u0627\u062a \u0635\u0641\u0631 \u0646\u0641\u0627\u064a\u0627\u062a\u060c \u0648\u0645\u062a\u0627\u0628\u0639\u0629 \u0648\u062a\u0637\u0628\u064a\u0642 \u0627\u0644\u062a\u0637\u0648\u0631\u0627\u062a \u0627\u0644\u0639\u0644\u0645\u064a\u0629 \u0648\u0627\u0644\u062a\u0642\u0646\u064a\u0629\u060c \u0628\u0645\u0627 \u064a\u0633\u0627\u0647\u0645 \u0641\u064a \u062a\u0642\u0644\u064a\u0644 \u0627\u0646\u0628\u0639\u0627\u062b\u0627\u062a \u063a\u0627\u0632\u0627\u062a \u0627\u0644\u062f\u0641\u064a\u0626\u0629 \u0648\u0627\u0646\u0628\u0639\u0627\u062b\u0627\u062a \u0627\u0644\u0643\u0631\u0628\u0648\u0646 \u0641\u064a \u0627\u0644\u063a\u0644\u0627\u0641 \u0627\u0644\u062c\u0648\u064a\u060c \u0648\u0627\u0644\u062a\u064a \u062a\u064f\u0639\u062f \u0645\u0646 \u0627\u0644\u0623\u0633\u0628\u0627\u0628 \u0627\u0644\u0631\u0626\u064a\u0633\u064a\u0629 \u0644\u0644\u0627\u062d\u062a\u0628\u0627\u0633 \u0627\u0644\u062d\u0631\u0627\u0631\u064a \u0648\u062a\u063a\u064a\u0631 \u0627\u0644\u0645\u0646\u0627\u062e \u0627\u0644\u0630\u064a \u064a\u0647\u062f\u062f \u0645\u0633\u062a\u0642\u0628\u0644\u0646\u0627.\n\n\u0648\u0644\u062f\u0639\u0645 \u0647\u0630\u0647 \u0627\u0644\u062c\u0647\u0648\u062f\u060c \u062a\u0642\u0631\u0631 \u0625\u062f\u0631\u0627\u062c \u0623\u0646\u0638\u0645\u0629 \u0635\u062f\u064a\u0642\u0629 \u0644\u0644\u0628\u064a\u0626\u0629 \u0645\u0646\u062e\u0641\u0636\u0629 \u0627\u0646\u0628\u0639\u0627\u062b\u0627\u062a \u063a\u0627\u0632\u0627\u062a \u0627\u0644\u062f\u0641\u064a\u0626\u0629 \u0636\u0645\u0646 \u0627\u0644\u062e\u0637\u0637 \u0627\u0644\u0627\u0633\u062a\u0631\u0627\u062a\u064a\u062c\u064a\u0629 \u0644\u0634\u0631\u0643\u0629 QS Mikro Da\u011f\u0131t\u0131m A.\u015e. \u0648\u0645\u0646 \u0627\u0644\u0623\u0645\u062b\u0644\u0629 \u0639\u0644\u0649 \u0630\u0644\u0643 \u0625\u062f\u062e\u0627\u0644 \u0645\u0631\u0643\u0628\u0627\u062a \u0630\u0627\u062a \u0627\u0646\u0628\u0639\u0627\u062b\u0627\u062a \u0623\u0642\u0644 \u0625\u0644\u0649 \u0623\u0633\u0637\u0648\u0644 \u0627\u0644\u0634\u0631\u0643\u0629\u060c \u0648\u062a\u0633\u0644\u064a\u0645 \u0627\u0644\u0646\u0641\u0627\u064a\u0627\u062a \u0625\u0644\u0649 \u0645\u0631\u0627\u0643\u0632 \u0625\u0639\u0627\u062f\u0629 \u0627\u0644\u062a\u062f\u0648\u064a\u0631 \u0648\u063a\u064a\u0631\u0647\u0627. \u0648\u0628\u0641\u0636\u0644 \u0647\u0630\u0647 \u0627\u0644\u062c\u0647\u0648\u062f\u060c \u062d\u0635\u0644\u062a QS Mikro Da\u011f\u0131t\u0131m A.\u015e. \u0639\u0644\u0649 \u0634\u0647\u0627\u062f\u0629 \u0646\u0638\u0627\u0645 \u0625\u062f\u0627\u0631\u0629 \u0627\u0644\u0628\u064a\u0626\u0629 ISO 14001. \u0648\u0641\u064a \u0647\u0630\u0627 \u0627\u0644\u0633\u064a\u0627\u0642\u060c \u0633\u062a\u0638\u0644 \u0627\u0644\u0627\u0633\u062a\u062f\u0627\u0645\u0629 \u0627\u0644\u0645\u0624\u0633\u0633\u064a\u0629\u060c \u0643\u0645\u0627 \u0643\u0627\u0646\u062a \u0641\u064a \u0627\u0644\u0645\u0627\u0636\u064a\u060c \u0623\u062d\u062f \u0627\u0644\u0645\u0628\u0627\u062f\u0626 \u0627\u0644\u0627\u0633\u062a\u0631\u0627\u062a\u064a\u062c\u064a\u0629 \u0627\u0644\u0623\u0633\u0627\u0633\u064a\u0629 \u0644\u0634\u0631\u0643\u0629 QS Mikro Da\u011f\u0131t\u0131m A.\u015e. \u0627\u0644\u064a\u0648\u0645 \u0648\u0641\u064a \u0627\u0644\u0645\u0633\u062a\u0642\u0628\u0644. \u0646\u062d\u0646 \u0641\u062e\u0648\u0631\u0648\u0646 \u0628\u0643\u0648\u0646\u0646\u0627 \u0634\u0631\u0643\u0629 \u0623\u0641\u0636\u0644 \u0645\u0646 \u0623\u062c\u0644 \u0639\u0627\u0644\u0645 \u0623\u0641\u0636\u0644.<\/p>\r\n                            <\/div>\r\n\r\n            <!-- feature -->\r\n            \r\n            \r\n        <\/div>\r\n\r\n        <div class=\"laa-about-1-ani-shape\">\r\n            <div class=\"container fx-container-1\">\r\n                <svg class=\"laa-about-1-ani-shape-svg laa-pattn-two\" width=\"210\" height=\"140\" viewBox=\"0 0 210 140\" fill=\"none\" xmlns=\"http:\/\/www.w3.org\/2000\/svg\">\r\n                    <rect class=\"laa-pattn-two-2\" opacity=\"0.16\" width=\"70\" height=\"70\" transform=\"matrix(-1 -8.74228e-08 -8.74228e-08 1 140 70)\" fill=\"#1A2D4E\"\/>\r\n                    <rect class=\"laa-pattn-two-3\" opacity=\"0.16\" width=\"70\" height=\"70\" transform=\"matrix(-1 -8.74228e-08 -8.74228e-08 1 210 70)\" fill=\"#27AAE2\"\/>\r\n                    <rect class=\"laa-pattn-two-1\" opacity=\"0.56\" width=\"70\" height=\"70\" transform=\"matrix(-1 -8.74228e-08 -8.74228e-08 1 70 70)\" fill=\"white\"\/>\r\n                    <rect class=\"laa-pattn-two-4\" opacity=\"0.08\" width=\"70\" height=\"70\" transform=\"matrix(-1 -8.74228e-08 -8.74228e-08 1 140 0)\" fill=\"#F62459\"\/>\r\n                <\/svg>\r\n            <\/div>\r\n        <\/div>\r\n\r\n    <\/div>\r\n\r\n    <div class=\"laa-about-1-ship-box\">\r\n                <div class=\"laa-about-1-ship-box-cirle\">\r\n            <img decoding=\"async\"\r\n            src=\"https:\/\/quickshipper.com\/wp-content\/uploads\/2025\/12\/surduruebilir.png\"\r\n            alt=\"surduruebilir\">\r\n        <\/div>\r\n        \r\n            <\/div>\r\n\r\n        <div class=\"laa-about-1-bg-shape\">\r\n        <img decoding=\"async\"\r\n        src=\"https:\/\/quickshipper.com\/wp-content\/uploads\/2024\/09\/bg-shape.svg\"\r\n        alt=\"bg-shape\">\r\n    <\/div>\r\n    <\/div>\t\t\t\t<\/div>\n\t\t\t\t<\/div>\n\t\t\t\t\t<\/div>\n\t\t<\/div>\n\t\t\t\t\t<\/div>\n\t\t<\/section>\n\t\t\t\t<section class=\"elementor-section elementor-top-section elementor-element elementor-element-7e18261 elementor-section-full_width elementor-section-height-default elementor-section-height-default\" data-id=\"7e18261\" data-element_type=\"section\" data-e-type=\"section\">\n\t\t\t\t\t\t<div class=\"elementor-container elementor-column-gap-default\">\n\t\t\t\t\t<div class=\"elementor-column elementor-col-100 elementor-top-column elementor-element elementor-element-7a1a7bf\" data-id=\"7a1a7bf\" data-element_type=\"column\" data-e-type=\"column\">\n\t\t\t<div class=\"elementor-widget-wrap elementor-element-populated\">\n\t\t\t\t\t\t<div class=\"elementor-element elementor-element-03aa2a0 elementor-widget elementor-widget-tx_newsletter elh-el tx_newsletter\" data-id=\"03aa2a0\" data-element_type=\"widget\" data-e-type=\"widget\" data-settings=\"{&quot;design_style&quot;:&quot;style_2&quot;}\" data-widget_type=\"tx_newsletter.default\">\n\t\t\t\t<div class=\"elementor-widget-container\">\n\t\t\t\t\t<div class=\"laa-newsletter-1-area laa-redius-20 bg-default laa-scn-margin pt-40 pb-40 p-relative fix tx-section\" data-background=\"https:\/\/quickshipper.com\/wp-content\/uploads\/2024\/09\/text-slide-1-bg.webp\">\r\n\r\n        <div class=\"laa-newsletter-1-plane\">\r\n        <img decoding=\"async\" src=\"https:\/\/quickshipper.com\/wp-content\/uploads\/2025\/11\/envato-labs-image-edit-46-e1763111019588.png\"\r\n        alt=\"envato-labs-image-edit (46)\">\r\n    <\/div>\r\n    \r\n    <div class=\"container laa-container-1\">\r\n        <div class=\"laa-newsletter-1-wrap\">\r\n                        <h3 class=\"laa-newsletter-1-title laa-heading-1  laa-font-600 txaa-split-text-3 txaa-split-text-3-ani \">\r\n                \u0627\u0634\u062a\u0631\u0643\u0648\u0627 \u0644\u0644\u0627\u0637\u0644\u0627\u0639 \u0639\u0644\u0649 \u0623\u062d\u062f\u062b \u0627\u0644\u0645\u0633\u062a\u062c\u062f\u0627\u062a \u0641\u064a \u0639\u0627\u0644\u0645 \u0627\u0644\u062e\u062f\u0645\u0627\u062a \u0627\u0644\u0644\u0648\u062c\u0633\u062a\u064a\u0629.            <\/h3>\r\n            \r\n                        <div class=\"tx-newsletterForm\">\r\n                <p class=\"wpcf7-contact-form-not-found\"><strong>\u062e\u0637\u0623:<\/strong> \u0646\u0645\u0648\u0630\u062c \u0627\u0644\u0627\u062a\u0635\u0627\u0644 \u063a\u064a\u0631 \u0645\u0648\u062c\u0648\u062f.<\/p>            <\/div>\r\n                    <\/div>\r\n    <\/div>\r\n<\/div>\t\t\t\t<\/div>\n\t\t\t\t<\/div>\n\t\t\t\t\t<\/div>\n\t\t<\/div>\n\t\t\t\t\t<\/div>\n\t\t<\/section>\n\t\t\t\t<\/div>\n\t\t","protected":false},"excerpt":{"rendered":"<p>\u0627\u0644\u0627\u0633\u062a\u062f\u0627\u0645\u0629 \u0627\u0644\u0645\u0624\u0633\u0633\u064a\u0629 \u0641\u064a \u0639\u0627\u0644\u0645 \u0627\u0644\u0623\u0639\u0645\u0627\u0644 \u0627\u0644\u064a\u0648\u0645\u060c \u0623\u062f\u0631\u0643\u062a \u0627\u0644\u0639\u062f\u064a\u062f \u0645\u0646 \u0627\u0644\u0634\u0631\u0643\u0627\u062a \u0623\u0646 \u062a\u0648\u062c\u064a\u0647 \u0623\u0646\u0634\u0637\u062a\u0647\u0627 \u0627\u0639\u062a\u0645\u0627\u062f\u064b\u0627 \u0641\u0642\u0637 \u0639\u0644\u0649 \u0627\u0644\u0623\u0647\u062f\u0627\u0641 \u0648\u0627\u0644\u062e\u0637\u0637 \u0648\u0627\u0644\u0627\u0633\u062a\u0631\u0627\u062a\u064a\u062c\u064a\u0627\u062a \u0627\u0644\u0642\u0627\u0626\u0645\u0629 \u0639\u0644\u0649 \u0627\u0644\u0631\u0628\u062d \u0644\u0645 \u064a\u0639\u062f \u0643\u0627\u0641\u064a\u064b\u0627. \u0648\u0628\u0635\u0641\u062a\u0646\u0627 QS Mikro Da\u011f\u0131t\u0131m A.\u015e.\u060c \u0641\u0625\u0646 \u0646\u062c\u0627\u062d \u0634\u0631\u0643\u062a\u0646\u0627 \u0644\u0627 \u064a\u064f\u0642\u0627\u0633 \u0628\u0627\u0644\u0645\u0624\u0634\u0631\u0627\u062a \u0627\u0644\u0645\u0627\u0644\u064a\u0629 \u0641\u062d\u0633\u0628\u060c \u0628\u0644 \u064a\u064f\u0642\u0627\u0633 \u0623\u064a\u0636\u064b\u0627 \u0628\u0623\u062f\u0627\u0626\u0646\u0627 \u0627\u0644\u0628\u064a\u0626\u064a \u0648\u0627\u0644\u0627\u062c\u062a\u0645\u0627\u0639\u064a. \u0648\u0644\u0643\u064a \u062a\u062a\u0645\u0643\u0646 QS Mikro Da\u011f\u0131t\u0131m A.\u015e. \u0645\u0646 \u0627\u0644\u062d\u0641\u0627\u0638 \u0639\u0644\u0649 \u0645\u0643\u0627\u0646\u062a\u0647\u0627 \u0641\u064a [&hellip;]<\/p>\n","protected":false},"author":3,"featured_media":0,"parent":0,"menu_order":0,"comment_status":"closed","ping_status":"closed","template":"elementor_header_footer","meta":{"inline_featured_image":false,"footnotes":""},"class_list":["post-8110","page","type-page","status-publish","hentry"],"_links":{"self":[{"href":"https:\/\/quickshipper.com\/ar\/wp-json\/wp\/v2\/pages\/8110","targetHints":{"allow":["GET"]}}],"collection":[{"href":"https:\/\/quickshipper.com\/ar\/wp-json\/wp\/v2\/pages"}],"about":[{"href":"https:\/\/quickshipper.com\/ar\/wp-json\/wp\/v2\/types\/page"}],"author":[{"embeddable":true,"href":"https:\/\/quickshipper.com\/ar\/wp-json\/wp\/v2\/users\/3"}],"replies":[{"embeddable":true,"href":"https:\/\/quickshipper.com\/ar\/wp-json\/wp\/v2\/comments?post=8110"}],"version-history":[{"count":4,"href":"https:\/\/quickshipper.com\/ar\/wp-json\/wp\/v2\/pages\/8110\/revisions"}],"predecessor-version":[{"id":8118,"href":"https:\/\/quickshipper.com\/ar\/wp-json\/wp\/v2\/pages\/8110\/revisions\/8118"}],"wp:attachment":[{"href":"https:\/\/quickshipper.com\/ar\/wp-json\/wp\/v2\/media?parent=8110"}],"curies":[{"name":"wp","href":"https:\/\/api.w.org\/{rel}","templated":true}]}}