{"id":7466,"date":"2024-06-09T10:19:42","date_gmt":"2024-06-09T07:19:42","guid":{"rendered":"https:\/\/quickshipper.com\/%d8%a7%d9%84%d8%a7%d8%aa%d8%b5%d8%a7%d9%84\/"},"modified":"2026-02-02T15:49:30","modified_gmt":"2026-02-02T12:49:30","slug":"%d8%a7%d9%84%d8%a7%d8%aa%d8%b5%d8%a7%d9%84","status":"publish","type":"page","link":"https:\/\/quickshipper.com\/ar\/%d8%a7%d9%84%d8%a7%d8%aa%d8%b5%d8%a7%d9%84\/","title":{"rendered":"\u0627\u0644\u0627\u062a\u0635\u0627\u0644"},"content":{"rendered":"\t\t<div data-elementor-type=\"wp-page\" data-elementor-id=\"7466\" class=\"elementor elementor-7466 elementor-65\">\n\t\t\t\t\t\t<section class=\"elementor-section elementor-top-section elementor-element elementor-element-d9ff6fb elementor-section-boxed elementor-section-height-default elementor-section-height-default\" data-id=\"d9ff6fb\" data-element_type=\"section\" data-e-type=\"section\">\n\t\t\t\t\t\t<div class=\"elementor-container elementor-column-gap-default\">\n\t\t\t\t\t<div class=\"elementor-column elementor-col-50 elementor-top-column elementor-element elementor-element-a588dcd\" data-id=\"a588dcd\" data-element_type=\"column\" data-e-type=\"column\">\n\t\t\t<div class=\"elementor-widget-wrap elementor-element-populated\">\n\t\t\t\t\t\t<div class=\"elementor-element elementor-element-88c6302 elementor-widget elementor-widget-tx_contact_info elh-el tx_contact_info\" data-id=\"88c6302\" data-element_type=\"widget\" data-e-type=\"widget\" data-settings=\"{&quot;design_style&quot;:&quot;style_4&quot;}\" data-widget_type=\"tx_contact_info.default\">\n\t\t\t\t<div class=\"elementor-widget-container\">\n\t\t\t\t\t<div class=\"log-contact-info-item position-relative\">\r\n\r\n        <span class=\"info-bg position-absolute\">\r\n        <img decoding=\"async\" src=\"https:\/\/quickshipper.com\/wp-content\/uploads\/2024\/07\/blg11.webp\" alt=\"blg11\">\r\n    <\/span>\r\n    \r\n        <div class=\"inner-icon d-flex align-items-center justify-content-center\">\r\n        <i aria-hidden=\"true\" class=\"flaticon flaticon-telephone\"><\/i>    <\/div>\r\n        <div class=\"inner-text headline pera-content\">\r\n                <h3>\u0627\u0644\u0647\u0627\u062a\u0641<\/h3>\r\n        \r\n        <p><a href=\"https:\/\/www.google.com\/search?q=quickshipper&amp;rlz=1C1GCEA_trTR1188TR1188&amp;oq=Q&amp;gs_lcrp=EgZjaHJvbWUqBggCEEUYOzIPCAAQRRg5GIMBGLEDGIAEMgYIARBFGDwyBggCEEUYOzIQCAMQLhjHARixAxjRAxiABDIGCAQQRRg8MgYIBRBFGD0yBggGEEUYPDIGCAcQRRg80gEIMjcyMGowajeoAgCwAgA&amp;sourceid=chrome&amp;ie=UTF-8#\" target=\"_blank\" rel=\"noopener\"><span>(0216) 232 28 40<\/span><\/a><\/p>    <\/div>\r\n<\/div>\t\t\t\t<\/div>\n\t\t\t\t<\/div>\n\t\t\t\t\t<\/div>\n\t\t<\/div>\n\t\t\t\t<div class=\"elementor-column elementor-col-50 elementor-top-column elementor-element elementor-element-12f7eeb\" data-id=\"12f7eeb\" data-element_type=\"column\" data-e-type=\"column\">\n\t\t\t<div class=\"elementor-widget-wrap elementor-element-populated\">\n\t\t\t\t\t\t<div class=\"elementor-element elementor-element-0901c27 elementor-widget elementor-widget-tx_contact_info elh-el tx_contact_info\" data-id=\"0901c27\" data-element_type=\"widget\" data-e-type=\"widget\" data-settings=\"{&quot;design_style&quot;:&quot;style_4&quot;}\" data-widget_type=\"tx_contact_info.default\">\n\t\t\t\t<div class=\"elementor-widget-container\">\n\t\t\t\t\t<div class=\"log-contact-info-item position-relative\">\r\n\r\n        <span class=\"info-bg position-absolute\">\r\n        <img decoding=\"async\" src=\"https:\/\/quickshipper.com\/wp-content\/uploads\/2024\/07\/blg11.webp\" alt=\"blg11\">\r\n    <\/span>\r\n    \r\n        <div class=\"inner-icon d-flex align-items-center justify-content-center\">\r\n        <i aria-hidden=\"true\" class=\"flaticon flaticon-mail\"><\/i>    <\/div>\r\n        <div class=\"inner-text headline pera-content\">\r\n                <h3>\u0627\u0644\u0628\u0631\u064a\u062f \u0627\u0644\u0625\u0644\u0643\u062a\u0631\u0648\u0646\u064a<\/h3>\r\n        \r\n        <p><a href=\"info@quickshipper.com\">info@quickshipper.com<\/a><\/p>    <\/div>\r\n<\/div>\t\t\t\t<\/div>\n\t\t\t\t<\/div>\n\t\t\t\t\t<\/div>\n\t\t<\/div>\n\t\t\t\t\t<\/div>\n\t\t<\/section>\n\t\t\t\t<section class=\"elementor-section elementor-top-section elementor-element elementor-element-15fd13f elementor-section-boxed elementor-section-height-default elementor-section-height-default\" data-id=\"15fd13f\" data-element_type=\"section\" data-e-type=\"section\">\n\t\t\t\t\t\t<div class=\"elementor-container elementor-column-gap-default\">\n\t\t\t\t\t<div class=\"elementor-column elementor-col-50 elementor-top-column elementor-element elementor-element-b47e8c0\" data-id=\"b47e8c0\" data-element_type=\"column\" data-e-type=\"column\">\n\t\t\t<div class=\"elementor-widget-wrap elementor-element-populated\">\n\t\t\t\t\t\t<div class=\"elementor-element elementor-element-7380d5b elementor-widget elementor-widget-tx_contact_info elh-el tx_contact_info\" data-id=\"7380d5b\" data-element_type=\"widget\" data-e-type=\"widget\" data-settings=\"{&quot;design_style&quot;:&quot;style_4&quot;}\" data-widget_type=\"tx_contact_info.default\">\n\t\t\t\t<div class=\"elementor-widget-container\">\n\t\t\t\t\t<div class=\"log-contact-info-item position-relative\">\r\n\r\n        <span class=\"info-bg position-absolute\">\r\n        <img decoding=\"async\" src=\"https:\/\/quickshipper.com\/wp-content\/uploads\/2024\/07\/blg11.webp\" alt=\"blg11\">\r\n    <\/span>\r\n    \r\n        <div class=\"inner-icon d-flex align-items-center justify-content-center\">\r\n        <i aria-hidden=\"true\" class=\"fas fa-map-marker-alt\"><\/i>    <\/div>\r\n        <div class=\"inner-text headline pera-content\">\r\n                <h3>QS Mikro Da\u011f\u0131t\u0131m A.\u015e.<\/h3>\r\n        \r\n        <p>\u015eerifali, Emin Sk.No: 51, Kat: 2<\/p><p>\u00dcmraniye \u2013 \u0130stanbul<\/p><p>Phone:\u00a0<a href=\"tel:90 216 232 28 40\">+90 216 232 28 40<\/a>\u00a0\u2013 10 lines<\/p><p>E-posta:\u00a0<a href=\"https:\/\/quickshipper.com\/en\/contact\/info@quickshipper.com\">info@quickshipper.com<\/a><\/p>    <\/div>\r\n<\/div>\t\t\t\t<\/div>\n\t\t\t\t<\/div>\n\t\t\t\t\t<\/div>\n\t\t<\/div>\n\t\t\t\t<div class=\"elementor-column elementor-col-50 elementor-top-column elementor-element elementor-element-501e267\" data-id=\"501e267\" data-element_type=\"column\" data-e-type=\"column\">\n\t\t\t<div class=\"elementor-widget-wrap elementor-element-populated\">\n\t\t\t\t\t\t<div class=\"elementor-element elementor-element-89315c7 elementor-widget elementor-widget-tx_contact_info elh-el tx_contact_info\" data-id=\"89315c7\" data-element_type=\"widget\" data-e-type=\"widget\" data-settings=\"{&quot;design_style&quot;:&quot;style_4&quot;}\" data-widget_type=\"tx_contact_info.default\">\n\t\t\t\t<div class=\"elementor-widget-container\">\n\t\t\t\t\t<div class=\"log-contact-info-item position-relative\">\r\n\r\n        <span class=\"info-bg position-absolute\">\r\n        <img decoding=\"async\" src=\"https:\/\/quickshipper.com\/wp-content\/uploads\/2024\/07\/blg11.webp\" alt=\"blg11\">\r\n    <\/span>\r\n    \r\n        <div class=\"inner-icon d-flex align-items-center justify-content-center\">\r\n        <i aria-hidden=\"true\" class=\"fas fa-map-marker-alt\"><\/i>    <\/div>\r\n        <div class=\"inner-text headline pera-content\">\r\n                <h3>\u0641\u0631\u0639 Yenibosna<\/h3>\r\n        \r\n        <p>Yenibosna Merkez Mahallesi . 29 Ekim Cad. Luxara Sitesi No: 19<\/p><p>Bah\u00e7elievler \/ \u0130stanbul<\/p><p>Phone:\u00a0<a href=\"tel:90 537 350 38 69\">+90 537 350 38 69<\/a><\/p><p>E-posta:\u00a0<a href=\"https:\/\/quickshipper.com\/en\/contact\/info@quickshipper.com\">info@quickshipper.com<\/a><\/p>    <\/div>\r\n<\/div>\t\t\t\t<\/div>\n\t\t\t\t<\/div>\n\t\t\t\t\t<\/div>\n\t\t<\/div>\n\t\t\t\t\t<\/div>\n\t\t<\/section>\n\t\t\t\t<section class=\"elementor-section elementor-top-section elementor-element elementor-element-5895bcd elementor-section-boxed elementor-section-height-default elementor-section-height-default\" data-id=\"5895bcd\" data-element_type=\"section\" data-e-type=\"section\">\n\t\t\t\t\t\t<div class=\"elementor-container elementor-column-gap-default\">\n\t\t\t\t\t<div class=\"elementor-column elementor-col-100 elementor-top-column elementor-element elementor-element-33ee867\" data-id=\"33ee867\" data-element_type=\"column\" data-e-type=\"column\">\n\t\t\t<div class=\"elementor-widget-wrap elementor-element-populated\">\n\t\t\t\t\t\t<section class=\"elementor-section elementor-inner-section elementor-element elementor-element-c3717d6 elementor-section-full_width elementor-section-height-default elementor-section-height-default\" data-id=\"c3717d6\" data-element_type=\"section\" data-e-type=\"section\" data-settings=\"{&quot;background_background&quot;:&quot;classic&quot;}\">\n\t\t\t\t\t\t<div class=\"elementor-container elementor-column-gap-default\">\n\t\t\t\t\t<div class=\"elementor-column elementor-col-100 elementor-inner-column elementor-element elementor-element-5364ea0\" data-id=\"5364ea0\" data-element_type=\"column\" data-e-type=\"column\">\n\t\t\t<div class=\"elementor-widget-wrap elementor-element-populated\">\n\t\t\t\t\t\t<div class=\"elementor-element elementor-element-c97cc6e elementor-widget elementor-widget-heading\" data-id=\"c97cc6e\" data-element_type=\"widget\" data-e-type=\"widget\" data-widget_type=\"heading.default\">\n\t\t\t\t\t<h2 class=\"elementor-heading-title elementor-size-default\">\u062a\u0648\u0627\u0635\u0644 \u0645\u0639\u0646\u0627<\/h2>\t\t\t\t<\/div>\n\t\t\t\t<div class=\"elementor-element elementor-element-1bda457 elementor-widget elementor-widget-heading\" data-id=\"1bda457\" data-element_type=\"widget\" data-e-type=\"widget\" data-widget_type=\"heading.default\">\n\t\t\t\t\t<p class=\"elementor-heading-title elementor-size-default\">\u064a\u0645\u0643\u0646\u0643 \u0627\u0644\u062a\u0648\u0627\u0635\u0644 \u0645\u0639\u0646\u0627 \u0628\u0633\u0647\u0648\u0644\u0629 \u0639\u0646 \u0637\u0631\u064a\u0642 \u0645\u0644\u0621 \u0627\u0644\u0646\u0645\u0648\u0630\u062c \u0623\u062f\u0646\u0627\u0647. \u0633\u0646\u0643\u0648\u0646 \u0633\u0639\u062f\u0627\u0621 \u0628\u0645\u0633\u0627\u0639\u062f\u062a\u0643 \u0641\u064a \u0627\u0633\u062a\u0641\u0633\u0627\u0631\u0627\u062a\u0643. <\/p>\t\t\t\t<\/div>\n\t\t\t\t<div class=\"elementor-element elementor-element-ba27e2b elementor-widget elementor-widget-shortcode\" data-id=\"ba27e2b\" data-element_type=\"widget\" data-e-type=\"widget\" data-widget_type=\"shortcode.default\">\n\t\t\t\t\t\t\t<div class=\"elementor-shortcode\"><p class=\"wpcf7-contact-form-not-found\"><strong>\u062e\u0637\u0623:<\/strong> \u0646\u0645\u0648\u0630\u062c \u0627\u0644\u0627\u062a\u0635\u0627\u0644 \u063a\u064a\u0631 \u0645\u0648\u062c\u0648\u062f.<\/p><\/div>\n\t\t\t\t\t\t<\/div>\n\t\t\t\t\t<\/div>\n\t\t<\/div>\n\t\t\t\t\t<\/div>\n\t\t<\/section>\n\t\t\t\t\t<\/div>\n\t\t<\/div>\n\t\t\t\t\t<\/div>\n\t\t<\/section>\n\t\t\t\t<section class=\"elementor-section elementor-top-section elementor-element elementor-element-2631bac elementor-section-full_width elementor-section-height-default elementor-section-height-default\" data-id=\"2631bac\" data-element_type=\"section\" data-e-type=\"section\">\n\t\t\t\t\t\t<div class=\"elementor-container elementor-column-gap-default\">\n\t\t\t\t\t<div class=\"elementor-column elementor-col-100 elementor-top-column elementor-element elementor-element-e45691f\" data-id=\"e45691f\" data-element_type=\"column\" data-e-type=\"column\">\n\t\t\t<div class=\"elementor-widget-wrap elementor-element-populated\">\n\t\t\t\t\t\t<div class=\"elementor-element elementor-element-518e709 elementor-widget elementor-widget-google_maps\" data-id=\"518e709\" data-element_type=\"widget\" data-e-type=\"widget\" data-widget_type=\"google_maps.default\">\n\t\t\t\t\t\t\t<div class=\"elementor-custom-embed\">\n\t\t\t<iframe loading=\"lazy\"\n\t\t\t\t\tsrc=\"https:\/\/maps.google.com\/maps?q=%C5%9Eerifali%2C%20Emin%20Sk.%20No%3A%2051%2C%20Kat%3A%202%20%20%C3%9Cmraniye%20%E2%80%93%20%C4%B0stanbul&#038;t=m&#038;z=13&#038;output=embed&#038;iwloc=near\"\n\t\t\t\t\ttitle=\"\u015eerifali, Emin Sk. No: 51, Kat: 2  \u00dcmraniye \u2013 \u0130stanbul\"\n\t\t\t\t\taria-label=\"\u015eerifali, Emin Sk. No: 51, Kat: 2  \u00dcmraniye \u2013 \u0130stanbul\"\n\t\t\t><\/iframe>\n\t\t<\/div>\n\t\t\t\t\t\t<\/div>\n\t\t\t\t\t<\/div>\n\t\t<\/div>\n\t\t\t\t\t<\/div>\n\t\t<\/section>\n\t\t\t\t<\/div>\n\t\t","protected":false},"excerpt":{"rendered":"<p>\u0627\u0644\u0647\u0627\u062a\u0641 (0216) 232 28 40 \u0627\u0644\u0628\u0631\u064a\u062f \u0627\u0644\u0625\u0644\u0643\u062a\u0631\u0648\u0646\u064a info@quickshipper.com QS Mikro Da\u011f\u0131t\u0131m A.\u015e. \u015eerifali, Emin Sk.No: 51, Kat: 2 \u00dcmraniye \u2013 \u0130stanbul Phone:\u00a0+90 216 232 28 40\u00a0\u2013 10 lines E-posta:\u00a0info@quickshipper.com \u0641\u0631\u0639 Yenibosna Yenibosna Merkez Mahallesi . 29 Ekim Cad. Luxara Sitesi No: 19 Bah\u00e7elievler \/ \u0130stanbul Phone:\u00a0+90 537 350 38 69 E-posta:\u00a0info@quickshipper.com \u062a\u0648\u0627\u0635\u0644 \u0645\u0639\u0646\u0627 \u064a\u0645\u0643\u0646\u0643 \u0627\u0644\u062a\u0648\u0627\u0635\u0644 [&hellip;]<\/p>\n","protected":false},"author":1,"featured_media":0,"parent":0,"menu_order":0,"comment_status":"closed","ping_status":"closed","template":"elementor_header_footer","meta":{"inline_featured_image":false,"footnotes":""},"class_list":["post-7466","page","type-page","status-publish","hentry"],"_links":{"self":[{"href":"https:\/\/quickshipper.com\/ar\/wp-json\/wp\/v2\/pages\/7466","targetHints":{"allow":["GET"]}}],"collection":[{"href":"https:\/\/quickshipper.com\/ar\/wp-json\/wp\/v2\/pages"}],"about":[{"href":"https:\/\/quickshipper.com\/ar\/wp-json\/wp\/v2\/types\/page"}],"author":[{"embeddable":true,"href":"https:\/\/quickshipper.com\/ar\/wp-json\/wp\/v2\/users\/1"}],"replies":[{"embeddable":true,"href":"https:\/\/quickshipper.com\/ar\/wp-json\/wp\/v2\/comments?post=7466"}],"version-history":[{"count":11,"href":"https:\/\/quickshipper.com\/ar\/wp-json\/wp\/v2\/pages\/7466\/revisions"}],"predecessor-version":[{"id":7765,"href":"https:\/\/quickshipper.com\/ar\/wp-json\/wp\/v2\/pages\/7466\/revisions\/7765"}],"wp:attachment":[{"href":"https:\/\/quickshipper.com\/ar\/wp-json\/wp\/v2\/media?parent=7466"}],"curies":[{"name":"wp","href":"https:\/\/api.w.org\/{rel}","templated":true}]}}